{"id":12962,"date":"2024-04-17T12:24:14","date_gmt":"2024-04-17T10:24:14","guid":{"rendered":"https:\/\/shop.lilalom.com\/?post_type=product&#038;p=12962"},"modified":"2024-04-17T12:25:19","modified_gmt":"2024-04-17T10:25:19","slug":"okrogli-obesek-z-cvetom-oblocvetne-gomfrene","status":"publish","type":"product","link":"https:\/\/shop.lilalom.com\/index.php\/izdelek\/okrogli-obesek-z-cvetom-oblocvetne-gomfrene\/","title":{"rendered":"Okrogli obesek z oblocvetno gomfreno"},"content":{"rendered":"<p>Ta \u010dudovit okrogel obesek iz\u017eareva \u010dar narave in eleganco. Izdelan je iz prozornega materiala, v katerega je zajeta \u017eivahna oblocvetna gomfrena v intenzivnem vijoli\u010dnem odtenku. Ogrlica iz nerjave\u010dega jekla mu dodaja sodoben pridih, medtem ko se skladno ujema z naravnim vzdu\u0161jem, ki ga ustvarjajo rastline v ozadju. Ta unikaten kos nakita bo nedvomno privla\u010dil poglede in dopolnil va\u0161o osebno zbirko s svojo izrazito lepoto.<\/p>\n<p>Velikost obseka je 18 mm.<br \/>\nDol\u017eina ogrlice je cca. 45 cm<\/p>\n","protected":false},"excerpt":{"rendered":"<p>Ta \u010dudovit okrogel obesek iz\u017eareva \u010dar narave in eleganco. Izdelan je iz prozornega materiala, v katerega je zajeta \u017eivahna oblocvetna gomfrena v intenzivnem vijoli\u010dnem odtenku. Ogrlica iz nerjave\u010dega jekla mu dodaja sodoben pridih, medtem ko se skladno ujema z naravnim vzdu\u0161jem, ki ga ustvarjajo rastline v ozadju. Ta unikaten kos nakita bo nedvomno privla\u010dil poglede [&hellip;]<\/p>\n","protected":false},"featured_media":12964,"comment_status":"open","ping_status":"closed","template":"","meta":{"_eb_attr":""},"product_cat":[23],"product_tag":[],"class_list":{"0":"post-12962","1":"product","2":"type-product","3":"status-publish","4":"has-post-thumbnail","6":"product_cat-ogrlice","8":"first","9":"instock","10":"sold-individually","11":"purchasable","12":"product-type-simple"},"jetpack_sharing_enabled":true,"_links":{"self":[{"href":"https:\/\/shop.lilalom.com\/index.php\/wp-json\/wp\/v2\/product\/12962","targetHints":{"allow":["GET"]}}],"collection":[{"href":"https:\/\/shop.lilalom.com\/index.php\/wp-json\/wp\/v2\/product"}],"about":[{"href":"https:\/\/shop.lilalom.com\/index.php\/wp-json\/wp\/v2\/types\/product"}],"replies":[{"embeddable":true,"href":"https:\/\/shop.lilalom.com\/index.php\/wp-json\/wp\/v2\/comments?post=12962"}],"wp:featuredmedia":[{"embeddable":true,"href":"https:\/\/shop.lilalom.com\/index.php\/wp-json\/wp\/v2\/media\/12964"}],"wp:attachment":[{"href":"https:\/\/shop.lilalom.com\/index.php\/wp-json\/wp\/v2\/media?parent=12962"}],"wp:term":[{"taxonomy":"product_cat","embeddable":true,"href":"https:\/\/shop.lilalom.com\/index.php\/wp-json\/wp\/v2\/product_cat?post=12962"},{"taxonomy":"product_tag","embeddable":true,"href":"https:\/\/shop.lilalom.com\/index.php\/wp-json\/wp\/v2\/product_tag?post=12962"}],"curies":[{"name":"wp","href":"https:\/\/api.w.org\/{rel}","templated":true}]}}