{"id":13035,"date":"2024-06-07T11:26:42","date_gmt":"2024-06-07T09:26:42","guid":{"rendered":"https:\/\/shop.lilalom.com\/?post_type=product&#038;p=13035"},"modified":"2024-06-25T15:26:31","modified_gmt":"2024-06-25T13:26:31","slug":"turkizni-komplet-z-divjim-korenom","status":"publish","type":"product","link":"https:\/\/shop.lilalom.com\/index.php\/izdelek\/turkizni-komplet-z-divjim-korenom\/","title":{"rendered":"Turkizni komplet z divjim korenom"},"content":{"rendered":"<p data-sourcepos=\"3:1-3:26\">I\u0161\u010dete nakit, ki je hkrati eleganten in edinstven? Potem je ta komplet iz nerjave\u010dega jekla z vise\u010dimi uhani in zapestnico ovalne oblike turkizne barve z pravo rastlino divjega korena prava izbira za vas.<\/p>\n<p data-sourcepos=\"5:1-5:17\"><strong>Komplet vsebuje:<\/strong><\/p>\n<ul data-sourcepos=\"7:1-7:90\">\n<li data-sourcepos=\"7:1-7:90\">Par vise\u010dih uhanov iz nerjave\u010dega jekla z ovalnim obeskom turkizne barve, v katerem je vdelana prava rastlina divjega korena. Velikost uhanov je 22 x 15 mm, dol\u017eina cca 35 mm.<\/li>\n<li data-sourcepos=\"8:1-9:0\">Za\u0161estnico iz nerjave\u010dega jekla z ovalnim obeskom turkizne barve, v katerem je vdelana prava rastlina divjega korena. Velikost obeska je 20 x 14 mm, dol\u017eina zapestnice z podalj\u0161kom pa cca 20 cm.<\/li>\n<\/ul>\n<p data-sourcepos=\"10:1-10:29\"><strong>Zakaj izbrati ta komplet:<\/strong><\/p>\n<ul data-sourcepos=\"12:1-12:15\">\n<li data-sourcepos=\"12:1-12:15\">Izdelan je iz visokokakovostnega nerjave\u010dega jekla, ki je trpe\u017een in odporen na rjavenje.<\/li>\n<li data-sourcepos=\"13:1-13:112\">Oblikovan je z elegantnim in modernim dizajnom, ki je primeren za vsakodnevno no\u0161enje ali posebne prilo\u017enosti.<\/li>\n<li data-sourcepos=\"14:1-14:113\">Unikaten je zaradi prave rastline divjega korena, vdelane v obeske, ki daje kompletu edinstven in osebni pe\u010dat.<\/li>\n<li data-sourcepos=\"15:1-15:77\">Turkizna barva velja za sre\u010dno barvo, ki naj bi prina\u0161ala sre\u010do in za\u0161\u010dito.<\/li>\n<li data-sourcepos=\"16:1-17:0\">Komplet je odli\u010dno darilo za \u017eenske vseh starosti.<\/li>\n<\/ul>\n","protected":false},"excerpt":{"rendered":"<p>I\u0161\u010dete nakit, ki je hkrati eleganten in edinstven? Potem je ta komplet iz nerjave\u010dega jekla z vise\u010dimi uhani in zapestnico ovalne oblike turkizne barve z pravo rastlino divjega korena prava izbira za vas. Komplet vsebuje: Par vise\u010dih uhanov iz nerjave\u010dega jekla z ovalnim obeskom turkizne barve, v katerem je vdelana prava rastlina divjega korena. Velikost [&hellip;]<\/p>\n","protected":false},"featured_media":13038,"comment_status":"open","ping_status":"closed","template":"","meta":{"_eb_attr":""},"product_cat":[199,24,27],"product_tag":[],"class_list":{"0":"post-13035","1":"product","2":"type-product","3":"status-publish","4":"has-post-thumbnail","6":"product_cat-viseci-uhani","7":"product_cat-zapestnice","8":"product_cat-kompleti","10":"first","11":"instock","12":"sold-individually","13":"purchasable","14":"product-type-simple"},"jetpack_sharing_enabled":true,"_links":{"self":[{"href":"https:\/\/shop.lilalom.com\/index.php\/wp-json\/wp\/v2\/product\/13035","targetHints":{"allow":["GET"]}}],"collection":[{"href":"https:\/\/shop.lilalom.com\/index.php\/wp-json\/wp\/v2\/product"}],"about":[{"href":"https:\/\/shop.lilalom.com\/index.php\/wp-json\/wp\/v2\/types\/product"}],"replies":[{"embeddable":true,"href":"https:\/\/shop.lilalom.com\/index.php\/wp-json\/wp\/v2\/comments?post=13035"}],"wp:featuredmedia":[{"embeddable":true,"href":"https:\/\/shop.lilalom.com\/index.php\/wp-json\/wp\/v2\/media\/13038"}],"wp:attachment":[{"href":"https:\/\/shop.lilalom.com\/index.php\/wp-json\/wp\/v2\/media?parent=13035"}],"wp:term":[{"taxonomy":"product_cat","embeddable":true,"href":"https:\/\/shop.lilalom.com\/index.php\/wp-json\/wp\/v2\/product_cat?post=13035"},{"taxonomy":"product_tag","embeddable":true,"href":"https:\/\/shop.lilalom.com\/index.php\/wp-json\/wp\/v2\/product_tag?post=13035"}],"curies":[{"name":"wp","href":"https:\/\/api.w.org\/{rel}","templated":true}]}}