{"id":13041,"date":"2024-06-07T12:03:24","date_gmt":"2024-06-07T10:03:24","guid":{"rendered":"https:\/\/shop.lilalom.com\/?post_type=product&#038;p=13041"},"modified":"2024-06-25T15:26:23","modified_gmt":"2024-06-25T13:26:23","slug":"cudovita-broska-z-marjetico-poosebitev-neznosti-in-pomladi","status":"publish","type":"product","link":"https:\/\/shop.lilalom.com\/index.php\/izdelek\/cudovita-broska-z-marjetico-poosebitev-neznosti-in-pomladi\/","title":{"rendered":"\u010cudovita bro\u0161ka z marjetico &#8211; poosebitev ne\u017enosti in pomladi"},"content":{"rendered":"<div class=\"avatar-gutter ng-tns-c1306305763-25 ng-star-inserted\">\n<div class=\"resize-observable\">\n<div class=\"avatar-gutter ng-tns-c1306305763-25 ng-star-inserted\"><\/div>\n<div class=\"response-container-content ng-tns-c1306305763-25\">\n<div class=\"response-content ng-tns-c1306305763-25\">\n<div class=\"markdown markdown-main-panel\" dir=\"ltr\">\n<p data-sourcepos=\"3:1-3:37\">I\u0161\u010dete eleganten in edinstven dodatek, ki bo popestril va\u0161o opravo? Potem je ta bro\u0161ka z marjetico v svetlo modri in \u010drni barvi prava izbira za vas.<\/p>\n<ul data-sourcepos=\"7:1-7:57\">\n<li data-sourcepos=\"7:1-7:57\">Ne\u017een in romanti\u010den dizajn s cvetom prave marjetice, ki simbolizira \u010distost, nedol\u017enost in novo za\u010detek.<\/li>\n<li data-sourcepos=\"8:1-8:42\">Barvi, svetlo modra in \u010drna, ki se odli\u010dno ujemata z razli\u010dnimi stili obla\u010denja.<\/li>\n<li data-sourcepos=\"10:1-11:0\">Prakti\u010den mehanizem za zapenjanje na iglo z \u010depom, ki zagotavlja varno no\u0161enje.<\/li>\n<\/ul>\n<p data-sourcepos=\"12:1-12:25\"><strong>Zakaj izbrati to bro\u0161ko:<\/strong><\/p>\n<ul data-sourcepos=\"14:1-18:0\">\n<li data-sourcepos=\"14:1-14:54\">Ro\u010dno izdelana z veliko mero pozornosti do detajlov.<\/li>\n<li data-sourcepos=\"15:1-15:80\">Izdelana iz visokokakovostnih materialov, ki zagotavljajo dolgotrajno uporabo.<\/li>\n<li data-sourcepos=\"16:1-16:115\">Odli\u010dno darilo za \u017eenske vseh starosti ob raznih prilo\u017enostih, kot so rojstni dnevi, prazniki ali materinski dan.<\/li>\n<li data-sourcepos=\"17:1-18:0\">Unikaten kos nakita, ki bo poudaril va\u0161 osebni stil in vam vnesel kan\u010dek ne\u017enosti v vsakdan.<\/li>\n<\/ul>\n<p data-sourcepos=\"19:1-19:118\"><strong>Ne zamudite te prilo\u017enosti, da si omislite \u010dudovito bro\u0161ko z marjetico, ki bo postala va\u0161 najljub\u0161i modni dodatek!<\/strong><\/p>\n<p data-sourcepos=\"21:1-21:24\"><strong>Dodatne informacije:<\/strong><\/p>\n<ul data-sourcepos=\"23:1-28:0\">\n<li data-sourcepos=\"23:1-23:12\">Material: Nerjave\u010de jeklo in eko smola<\/li>\n<li data-sourcepos=\"24:1-24:27\">Barva: svetlo modra, \u010drna<\/li>\n<li data-sourcepos=\"25:1-25:17\">Velikost: 21 mm<\/li>\n<\/ul>\n<\/div>\n<\/div>\n<\/div>\n<\/div>\n<\/div>\n","protected":false},"excerpt":{"rendered":"<p>I\u0161\u010dete eleganten in edinstven dodatek, ki bo popestril va\u0161o opravo? Potem je ta bro\u0161ka z marjetico v svetlo modri in \u010drni barvi prava izbira za vas. Ne\u017een in romanti\u010den dizajn s cvetom prave marjetice, ki simbolizira \u010distost, nedol\u017enost in novo za\u010detek. Barvi, svetlo modra in \u010drna, ki se odli\u010dno ujemata z razli\u010dnimi stili obla\u010denja. Prakti\u010den [&hellip;]<\/p>\n","protected":false},"featured_media":13043,"comment_status":"open","ping_status":"closed","template":"","meta":{"_eb_attr":""},"product_cat":[16],"product_tag":[],"class_list":{"0":"post-13041","1":"product","2":"type-product","3":"status-publish","4":"has-post-thumbnail","6":"product_cat-ostalo","8":"first","9":"instock","10":"sale","11":"sold-individually","12":"purchasable","13":"product-type-simple"},"jetpack_sharing_enabled":true,"_links":{"self":[{"href":"https:\/\/shop.lilalom.com\/index.php\/wp-json\/wp\/v2\/product\/13041","targetHints":{"allow":["GET"]}}],"collection":[{"href":"https:\/\/shop.lilalom.com\/index.php\/wp-json\/wp\/v2\/product"}],"about":[{"href":"https:\/\/shop.lilalom.com\/index.php\/wp-json\/wp\/v2\/types\/product"}],"replies":[{"embeddable":true,"href":"https:\/\/shop.lilalom.com\/index.php\/wp-json\/wp\/v2\/comments?post=13041"}],"wp:featuredmedia":[{"embeddable":true,"href":"https:\/\/shop.lilalom.com\/index.php\/wp-json\/wp\/v2\/media\/13043"}],"wp:attachment":[{"href":"https:\/\/shop.lilalom.com\/index.php\/wp-json\/wp\/v2\/media?parent=13041"}],"wp:term":[{"taxonomy":"product_cat","embeddable":true,"href":"https:\/\/shop.lilalom.com\/index.php\/wp-json\/wp\/v2\/product_cat?post=13041"},{"taxonomy":"product_tag","embeddable":true,"href":"https:\/\/shop.lilalom.com\/index.php\/wp-json\/wp\/v2\/product_tag?post=13041"}],"curies":[{"name":"wp","href":"https:\/\/api.w.org\/{rel}","templated":true}]}}