{"id":13047,"date":"2024-06-07T13:50:54","date_gmt":"2024-06-07T11:50:54","guid":{"rendered":"https:\/\/shop.lilalom.com\/?post_type=product&#038;p=13047"},"modified":"2025-05-28T20:19:00","modified_gmt":"2025-05-28T18:19:00","slug":"popolni-komplet-z-cvetovi-spomincic-in-divjega-korena","status":"publish","type":"product","link":"https:\/\/shop.lilalom.com\/index.php\/izdelek\/popolni-komplet-z-cvetovi-spomincic-in-divjega-korena\/","title":{"rendered":"Popolni komplet z cvetovi spomin\u010dic in divjega korena"},"content":{"rendered":"<p data-sourcepos=\"3:1-3:26\">I\u0161\u010dete nakit, ki je hkrati lep, edinstven in poln naravne \u010darobnosti? Potem je ta komplet z ogrlico, zapestnico in uhani iz nerjave\u010dega jekla in smole prava izbira za vas. V kompletu so vlite prave spomin\u010dice in cvetovi divjega korena na beli podlagi, ki ustvarjajo edinstven in o\u010darljiv dizajn.<\/p>\n<p data-sourcepos=\"5:1-5:20\"><strong>Komplet vsebuje:<\/strong><\/p>\n<ul data-sourcepos=\"7:1-7:1\">\n<li data-sourcepos=\"7:1-7:1\">Ogrlico z medaljonom premera 21 mm, dol\u017eina ogrlice je cca 45 cm.<\/li>\n<li data-sourcepos=\"8:1-8:82\">Zapestnico z medaljonom premera 14 mm, dol\u017eina zapestnice z podalj\u0161kom je 21 cm.<\/li>\n<li data-sourcepos=\"9:1-10:0\">Par uhanov s premerom 14 mm, dol\u017eina cca 35 mm.<\/li>\n<\/ul>\n<p data-sourcepos=\"11:1-11:29\"><strong>Zakaj izbrati ta komplet:<\/strong><\/p>\n<ul data-sourcepos=\"13:1-13:29\">\n<li data-sourcepos=\"13:1-13:29\">Ro\u010dno izdelan z veliko mero ljubezni in pozornosti do detajlov.<\/li>\n<li data-sourcepos=\"14:1-14:113\">Izdelan iz visokokakovostnih materialov, kot sta nerjave\u010de jeklo in smola, ki zagotavljajo dolgotrajno uporabo.<\/li>\n<li data-sourcepos=\"15:1-15:163\">Unikaten dizajn z vlitimi pravimi spomin\u010dicami in cvetovi divjega korena, ki pripovedujejo zgodbo narave in vam omogo\u010dajo, da nosite del\u010dek narave vedno s seboj.<\/li>\n<li data-sourcepos=\"16:1-16:132\">Elegantna bela podlaga poudarja lepoto naravnih elementov in omogo\u010da enostavno kombiniranje kompleta z razli\u010dnimi stili obla\u010denja.<\/li>\n<li data-sourcepos=\"17:1-17:64\">Popoln komplet za vsakodnevno no\u0161enje ali posebne prilo\u017enosti.<\/li>\n<li data-sourcepos=\"18:1-19:0\">\u010cudovito darilo za \u017eenske vseh starosti, ki cenijo edinstvene in naravne lepote.<\/li>\n<\/ul>\n<p data-sourcepos=\"22:1-22:24\"><strong>Dodatne informacije:<\/strong><\/p>\n<ul data-sourcepos=\"24:1-34:0\">\n<li data-sourcepos=\"24:1-24:76\">Material: nerjave\u010de jeklo, smola, prave spomin\u010dice, cvetovi divjega korena<\/li>\n<li data-sourcepos=\"25:1-25:22\">Barva: bela, srebrna, modra, vijol\u010dna, be\u017e<\/li>\n<\/ul>\n","protected":false},"excerpt":{"rendered":"<p>I\u0161\u010dete nakit, ki je hkrati lep, edinstven in poln naravne \u010darobnosti? Potem je ta komplet z ogrlico, zapestnico in uhani iz nerjave\u010dega jekla in smole prava izbira za vas. V kompletu so vlite prave spomin\u010dice in cvetovi divjega korena na beli podlagi, ki ustvarjajo edinstven in o\u010darljiv dizajn. Komplet vsebuje: Ogrlico z medaljonom premera 21 [&hellip;]<\/p>\n","protected":false},"featured_media":13048,"comment_status":"open","ping_status":"closed","template":"","meta":{"_eb_attr":""},"product_cat":[23,199,24,27],"product_tag":[],"class_list":{"0":"post-13047","1":"product","2":"type-product","3":"status-publish","4":"has-post-thumbnail","6":"product_cat-ogrlice","7":"product_cat-viseci-uhani","8":"product_cat-zapestnice","9":"product_cat-kompleti","11":"first","12":"outofstock","13":"featured","14":"sold-individually","15":"purchasable","16":"product-type-simple"},"jetpack_sharing_enabled":true,"_links":{"self":[{"href":"https:\/\/shop.lilalom.com\/index.php\/wp-json\/wp\/v2\/product\/13047","targetHints":{"allow":["GET"]}}],"collection":[{"href":"https:\/\/shop.lilalom.com\/index.php\/wp-json\/wp\/v2\/product"}],"about":[{"href":"https:\/\/shop.lilalom.com\/index.php\/wp-json\/wp\/v2\/types\/product"}],"replies":[{"embeddable":true,"href":"https:\/\/shop.lilalom.com\/index.php\/wp-json\/wp\/v2\/comments?post=13047"}],"wp:featuredmedia":[{"embeddable":true,"href":"https:\/\/shop.lilalom.com\/index.php\/wp-json\/wp\/v2\/media\/13048"}],"wp:attachment":[{"href":"https:\/\/shop.lilalom.com\/index.php\/wp-json\/wp\/v2\/media?parent=13047"}],"wp:term":[{"taxonomy":"product_cat","embeddable":true,"href":"https:\/\/shop.lilalom.com\/index.php\/wp-json\/wp\/v2\/product_cat?post=13047"},{"taxonomy":"product_tag","embeddable":true,"href":"https:\/\/shop.lilalom.com\/index.php\/wp-json\/wp\/v2\/product_tag?post=13047"}],"curies":[{"name":"wp","href":"https:\/\/api.w.org\/{rel}","templated":true}]}}