{"id":13070,"date":"2024-08-26T11:18:25","date_gmt":"2024-08-26T09:18:25","guid":{"rendered":"https:\/\/shop.lilalom.com\/?post_type=product&#038;p=13070"},"modified":"2024-10-29T21:27:52","modified_gmt":"2024-10-29T20:27:52","slug":"komplet-nakita-temno-modri-uhani-in-prstan","status":"publish","type":"product","link":"https:\/\/shop.lilalom.com\/index.php\/izdelek\/komplet-nakita-temno-modri-uhani-in-prstan\/","title":{"rendered":"Komplet nakita temno modri uhani in prstan"},"content":{"rendered":"<p>Dodajte pridih elegance svojemu videzu s tem \u010dudovitim kompletom nakita, ki vklju\u010duje temno modre uhane in prstan. Izdelan iz ekolo\u0161ke smole in nerjave\u010dega jekla, ta komplet zdru\u017euje trajnost in stil.<\/p>\n<ul>\n<li><strong>Material<\/strong>: Ekolo\u0161ka smola in nerjave\u010de jeklo<\/li>\n<li><strong>Velikost uhanov<\/strong>: 16 mm<\/li>\n<li><strong>Velikost prstana<\/strong>: Zgornji del 20 mm, osnova prilagodljiva od 18 do 28 mm<\/li>\n<\/ul>\n<p>Popoln za vsako prilo\u017enost, ta komplet bo zagotovo pritegnil pozornost in dopolnil va\u0161 osebni stil.<\/p>\n","protected":false},"excerpt":{"rendered":"<p>Dodajte pridih elegance svojemu videzu s tem \u010dudovitim kompletom nakita, ki vklju\u010duje temno modre uhane in prstan. Izdelan iz ekolo\u0161ke smole in nerjave\u010dega jekla, ta komplet zdru\u017euje trajnost in stil. Material: Ekolo\u0161ka smola in nerjave\u010de jeklo Velikost uhanov: 16 mm Velikost prstana: Zgornji del 20 mm, osnova prilagodljiva od 18 do 28 mm Popoln za [&hellip;]<\/p>\n","protected":false},"featured_media":13073,"comment_status":"open","ping_status":"closed","template":"","meta":{"_eb_attr":""},"product_cat":[198,25,27],"product_tag":[],"class_list":{"0":"post-13070","1":"product","2":"type-product","3":"status-publish","4":"has-post-thumbnail","6":"product_brand-lilalom","7":"product_cat-klasicni-uhani","8":"product_cat-prstani","9":"product_cat-kompleti","11":"first","12":"instock","13":"sold-individually","14":"purchasable","15":"product-type-simple"},"jetpack_sharing_enabled":true,"_links":{"self":[{"href":"https:\/\/shop.lilalom.com\/index.php\/wp-json\/wp\/v2\/product\/13070","targetHints":{"allow":["GET"]}}],"collection":[{"href":"https:\/\/shop.lilalom.com\/index.php\/wp-json\/wp\/v2\/product"}],"about":[{"href":"https:\/\/shop.lilalom.com\/index.php\/wp-json\/wp\/v2\/types\/product"}],"replies":[{"embeddable":true,"href":"https:\/\/shop.lilalom.com\/index.php\/wp-json\/wp\/v2\/comments?post=13070"}],"wp:featuredmedia":[{"embeddable":true,"href":"https:\/\/shop.lilalom.com\/index.php\/wp-json\/wp\/v2\/media\/13073"}],"wp:attachment":[{"href":"https:\/\/shop.lilalom.com\/index.php\/wp-json\/wp\/v2\/media?parent=13070"}],"wp:term":[{"taxonomy":"product_cat","embeddable":true,"href":"https:\/\/shop.lilalom.com\/index.php\/wp-json\/wp\/v2\/product_cat?post=13070"},{"taxonomy":"product_tag","embeddable":true,"href":"https:\/\/shop.lilalom.com\/index.php\/wp-json\/wp\/v2\/product_tag?post=13070"}],"curies":[{"name":"wp","href":"https:\/\/api.w.org\/{rel}","templated":true}]}}