{"id":13074,"date":"2024-08-26T13:14:11","date_gmt":"2024-08-26T11:14:11","guid":{"rendered":"https:\/\/shop.lilalom.com\/?post_type=product&#038;p=13074"},"modified":"2024-08-27T16:16:26","modified_gmt":"2024-08-27T14:16:26","slug":"prstan-z-roza-rozo","status":"publish","type":"product","link":"https:\/\/shop.lilalom.com\/index.php\/izdelek\/prstan-z-roza-rozo\/","title":{"rendered":"Prstan z mahom in ro\u017eo"},"content":{"rendered":"<p>O\u010darajte s tem edinstvenim prstanom, ki vsebuje pravo roza ro\u017eo, ujeto v ve\u010dnost. Prstan je izdelan iz kakovostnega nerjave\u010dega jekla, kar zagotavlja trajnost z cvetom pa prikazuje eleganco.<\/p>\n<ul>\n<li><strong>Material<\/strong>: Ekolo\u0161ka smola in nerjave\u010de jeklo<\/li>\n<li><strong>Velikost medaljona na prstanu<\/strong>: premer 18 mm (vi\u0161ina cca 10 mm)<\/li>\n<li><strong>Velikost prstana<\/strong>: 18 mm, rahlo prilagodljiva z upogibanjem<\/li>\n<\/ul>\n<p>Ta prstan je popoln dodatek za vse, ki cenijo naravno lepoto in trajnostne materiale. Dodajte ga svoji zbirki in izstopajte s stilom.<\/p>\n","protected":false},"excerpt":{"rendered":"<p>O\u010darajte s tem edinstvenim prstanom, ki vsebuje pravo roza ro\u017eo, ujeto v ve\u010dnost. Prstan je izdelan iz kakovostnega nerjave\u010dega jekla, kar zagotavlja trajnost z cvetom pa prikazuje eleganco. Material: Ekolo\u0161ka smola in nerjave\u010de jeklo Velikost medaljona na prstanu: premer 18 mm (vi\u0161ina cca 10 mm) Velikost prstana: 18 mm, rahlo prilagodljiva z upogibanjem Ta prstan [&hellip;]<\/p>\n","protected":false},"featured_media":13078,"comment_status":"open","ping_status":"closed","template":"","meta":{"_eb_attr":""},"product_cat":[25],"product_tag":[],"class_list":{"0":"post-13074","1":"product","2":"type-product","3":"status-publish","4":"has-post-thumbnail","6":"product_cat-prstani","8":"first","9":"instock","10":"sold-individually","11":"purchasable","12":"product-type-simple"},"jetpack_sharing_enabled":true,"_links":{"self":[{"href":"https:\/\/shop.lilalom.com\/index.php\/wp-json\/wp\/v2\/product\/13074","targetHints":{"allow":["GET"]}}],"collection":[{"href":"https:\/\/shop.lilalom.com\/index.php\/wp-json\/wp\/v2\/product"}],"about":[{"href":"https:\/\/shop.lilalom.com\/index.php\/wp-json\/wp\/v2\/types\/product"}],"replies":[{"embeddable":true,"href":"https:\/\/shop.lilalom.com\/index.php\/wp-json\/wp\/v2\/comments?post=13074"}],"wp:featuredmedia":[{"embeddable":true,"href":"https:\/\/shop.lilalom.com\/index.php\/wp-json\/wp\/v2\/media\/13078"}],"wp:attachment":[{"href":"https:\/\/shop.lilalom.com\/index.php\/wp-json\/wp\/v2\/media?parent=13074"}],"wp:term":[{"taxonomy":"product_cat","embeddable":true,"href":"https:\/\/shop.lilalom.com\/index.php\/wp-json\/wp\/v2\/product_cat?post=13074"},{"taxonomy":"product_tag","embeddable":true,"href":"https:\/\/shop.lilalom.com\/index.php\/wp-json\/wp\/v2\/product_tag?post=13074"}],"curies":[{"name":"wp","href":"https:\/\/api.w.org\/{rel}","templated":true}]}}