{"id":13093,"date":"2024-08-27T12:42:20","date_gmt":"2024-08-27T10:42:20","guid":{"rendered":"https:\/\/shop.lilalom.com\/?post_type=product&#038;p=13093"},"modified":"2024-08-27T13:01:57","modified_gmt":"2024-08-27T11:01:57","slug":"elegantna-smaragdna-zapestnica-z-blescicami","status":"publish","type":"product","link":"https:\/\/shop.lilalom.com\/index.php\/izdelek\/elegantna-smaragdna-zapestnica-z-blescicami\/","title":{"rendered":"Elegantna Smaragdna Zapestnica z Ble\u0161\u010dicami"},"content":{"rendered":"<p>Dodajte pridih elegance svojemu videzu z na\u0161o \u010dudovito smaragdno zapestnico ovalne oblike. Zapestnica je izdelana iz ekolo\u0161ke smole in nerjave\u010dega jekla, medtem ko je zapestni del iz usnjene vrvice, kar zagotavlja trajnost in stil.<\/p>\n<p><strong>Material:<\/strong>\u00a0Nerjave\u010de jeklo in usnjena vrvica<br \/>\n<strong>Velikost medaljona:<\/strong>\u00a015&#215;11 mm<br \/>\n<strong>Premer zapestnice:<\/strong>\u00a0Prilagodljiv od 5,5 cm do 9 cm ali ve\u010d<\/p>\n<p>Idealna je za posebne prilo\u017enosti ali kot \u010dudovito darilo za ljubljeno osebo.<\/p>\n","protected":false},"excerpt":{"rendered":"<p>Dodajte pridih elegance svojemu videzu z na\u0161o \u010dudovito smaragdno zapestnico ovalne oblike. Zapestnica je izdelana iz ekolo\u0161ke smole in nerjave\u010dega jekla, medtem ko je zapestni del iz usnjene vrvice, kar zagotavlja trajnost in stil. Material:\u00a0Nerjave\u010de jeklo in usnjena vrvica Velikost medaljona:\u00a015&#215;11 mm Premer zapestnice:\u00a0Prilagodljiv od 5,5 cm do 9 cm ali ve\u010d Idealna je za [&hellip;]<\/p>\n","protected":false},"featured_media":13096,"comment_status":"open","ping_status":"closed","template":"","meta":{"_eb_attr":""},"product_cat":[24],"product_tag":[],"class_list":{"0":"post-13093","1":"product","2":"type-product","3":"status-publish","4":"has-post-thumbnail","6":"product_brand-lilalom","7":"product_cat-zapestnice","9":"first","10":"instock","11":"sold-individually","12":"purchasable","13":"product-type-simple"},"jetpack_sharing_enabled":true,"_links":{"self":[{"href":"https:\/\/shop.lilalom.com\/index.php\/wp-json\/wp\/v2\/product\/13093","targetHints":{"allow":["GET"]}}],"collection":[{"href":"https:\/\/shop.lilalom.com\/index.php\/wp-json\/wp\/v2\/product"}],"about":[{"href":"https:\/\/shop.lilalom.com\/index.php\/wp-json\/wp\/v2\/types\/product"}],"replies":[{"embeddable":true,"href":"https:\/\/shop.lilalom.com\/index.php\/wp-json\/wp\/v2\/comments?post=13093"}],"wp:featuredmedia":[{"embeddable":true,"href":"https:\/\/shop.lilalom.com\/index.php\/wp-json\/wp\/v2\/media\/13096"}],"wp:attachment":[{"href":"https:\/\/shop.lilalom.com\/index.php\/wp-json\/wp\/v2\/media?parent=13093"}],"wp:term":[{"taxonomy":"product_cat","embeddable":true,"href":"https:\/\/shop.lilalom.com\/index.php\/wp-json\/wp\/v2\/product_cat?post=13093"},{"taxonomy":"product_tag","embeddable":true,"href":"https:\/\/shop.lilalom.com\/index.php\/wp-json\/wp\/v2\/product_tag?post=13093"}],"curies":[{"name":"wp","href":"https:\/\/api.w.org\/{rel}","templated":true}]}}