{"id":13104,"date":"2024-08-27T15:22:07","date_gmt":"2024-08-27T13:22:07","guid":{"rendered":"https:\/\/shop.lilalom.com\/?post_type=product&#038;p=13104"},"modified":"2024-12-17T13:05:25","modified_gmt":"2024-12-17T12:05:25","slug":"zapestnica-z-modrim-medaljonom-in-pleteno-vrvico-kopija","status":"publish","type":"product","link":"https:\/\/shop.lilalom.com\/index.php\/izdelek\/zapestnica-z-modrim-medaljonom-in-pleteno-vrvico-kopija\/","title":{"rendered":"Zapestnica z modrim medaljonom in pleteno Vrvico"},"content":{"rendered":"<p>O\u010darljiva zapestnica z modrim medaljonom, ki bo v vas prebudila spomine na morje in lepe trenutke. Zapestnica je izdelana iz nerjave\u010dega jekla in ekolo\u0161ke smole, kar zagotavlja trajnost in eleganco. Pletena vrvica omogo\u010da udobno no\u0161enje in prilagodljivost.<\/p>\n<p><strong>Material:<\/strong>\u00a0Nerjave\u010de jeklo in ekolo\u0161ka smola<br \/>\n<strong>Velikost medaljona:<\/strong>\u00a015 mm<br \/>\n<strong>Premer zapestnice:<\/strong>\u00a0Prilagodljiv od 6 cm do 10 cm ali ve\u010d<\/p>\n<p>Idealna je za vsakodnevno no\u0161enje in bo zagotovo postala va\u0161 najljub\u0161i modni dodatek.<\/p>\n","protected":false},"excerpt":{"rendered":"<p>O\u010darljiva zapestnica z modrim medaljonom, ki bo v vas prebudila spomine na morje in lepe trenutke. Zapestnica je izdelana iz nerjave\u010dega jekla in ekolo\u0161ke smole, kar zagotavlja trajnost in eleganco. Pletena vrvica omogo\u010da udobno no\u0161enje in prilagodljivost. Material:\u00a0Nerjave\u010de jeklo in ekolo\u0161ka smola Velikost medaljona:\u00a015 mm Premer zapestnice:\u00a0Prilagodljiv od 6 cm do 10 cm ali ve\u010d [&hellip;]<\/p>\n","protected":false},"featured_media":13105,"comment_status":"open","ping_status":"closed","template":"","meta":{"_eb_attr":""},"product_cat":[24],"product_tag":[],"class_list":{"0":"post-13104","1":"product","2":"type-product","3":"status-publish","4":"has-post-thumbnail","6":"product_cat-zapestnice","8":"first","9":"outofstock","10":"sold-individually","11":"purchasable","12":"product-type-simple"},"jetpack_sharing_enabled":true,"_links":{"self":[{"href":"https:\/\/shop.lilalom.com\/index.php\/wp-json\/wp\/v2\/product\/13104","targetHints":{"allow":["GET"]}}],"collection":[{"href":"https:\/\/shop.lilalom.com\/index.php\/wp-json\/wp\/v2\/product"}],"about":[{"href":"https:\/\/shop.lilalom.com\/index.php\/wp-json\/wp\/v2\/types\/product"}],"replies":[{"embeddable":true,"href":"https:\/\/shop.lilalom.com\/index.php\/wp-json\/wp\/v2\/comments?post=13104"}],"wp:featuredmedia":[{"embeddable":true,"href":"https:\/\/shop.lilalom.com\/index.php\/wp-json\/wp\/v2\/media\/13105"}],"wp:attachment":[{"href":"https:\/\/shop.lilalom.com\/index.php\/wp-json\/wp\/v2\/media?parent=13104"}],"wp:term":[{"taxonomy":"product_cat","embeddable":true,"href":"https:\/\/shop.lilalom.com\/index.php\/wp-json\/wp\/v2\/product_cat?post=13104"},{"taxonomy":"product_tag","embeddable":true,"href":"https:\/\/shop.lilalom.com\/index.php\/wp-json\/wp\/v2\/product_tag?post=13104"}],"curies":[{"name":"wp","href":"https:\/\/api.w.org\/{rel}","templated":true}]}}