{"id":13113,"date":"2024-10-06T10:02:50","date_gmt":"2024-10-06T08:02:50","guid":{"rendered":"https:\/\/shop.lilalom.com\/?post_type=product&#038;p=13113"},"modified":"2024-10-06T10:42:01","modified_gmt":"2024-10-06T08:42:01","slug":"zapestnica-z-cvetom-spomincice","status":"publish","type":"product","link":"https:\/\/shop.lilalom.com\/index.php\/izdelek\/zapestnica-z-cvetom-spomincice\/","title":{"rendered":"Zapestnica z cvetom spomin\u010dice"},"content":{"rendered":"<p>Ro\u010dno izdelana unikatna zapestnica z cvetom spomin\u010dice je popolno darilo za posebne trenutke ali pa bo zagotovo postala va\u0161 najljub\u0161i modni dodatek za vsakodnevno no\u0161njo. Cvet prave spomin\u010dice simbolizira ljubezen, spomin in hvale\u017enost. Zapestnica je narejena iz visoko kakovostnega nerjave\u010dega jekla.<\/p>\n<p><strong>Material:<\/strong>\u00a0Nerjave\u010de jeklo in ekolo\u0161ka smola<br \/>\n<strong>Velikost medaljona:<\/strong> 8 mm<br \/>\n<strong>Premer zapestnice:<\/strong> 18,5 cm, z dodatnim podalj\u0161kom pa dose\u017ee 21,5 cm<\/p>\n<p>Idealna je za vsakodnevno no\u0161enje ali darilo.<\/p>\n","protected":false},"excerpt":{"rendered":"<p>Ro\u010dno izdelana unikatna zapestnica z cvetom spomin\u010dice je popolno darilo za posebne trenutke ali pa bo zagotovo postala va\u0161 najljub\u0161i modni dodatek za vsakodnevno no\u0161njo. Cvet prave spomin\u010dice simbolizira ljubezen, spomin in hvale\u017enost. Zapestnica je narejena iz visoko kakovostnega nerjave\u010dega jekla. Material:\u00a0Nerjave\u010de jeklo in ekolo\u0161ka smola Velikost medaljona: 8 mm Premer zapestnice: 18,5 cm, z [&hellip;]<\/p>\n","protected":false},"featured_media":13115,"comment_status":"open","ping_status":"closed","template":"","meta":{"_eb_attr":""},"product_cat":[24],"product_tag":[],"class_list":{"0":"post-13113","1":"product","2":"type-product","3":"status-publish","4":"has-post-thumbnail","6":"product_cat-zapestnice","8":"first","9":"instock","10":"sold-individually","11":"purchasable","12":"product-type-simple"},"jetpack_sharing_enabled":true,"_links":{"self":[{"href":"https:\/\/shop.lilalom.com\/index.php\/wp-json\/wp\/v2\/product\/13113","targetHints":{"allow":["GET"]}}],"collection":[{"href":"https:\/\/shop.lilalom.com\/index.php\/wp-json\/wp\/v2\/product"}],"about":[{"href":"https:\/\/shop.lilalom.com\/index.php\/wp-json\/wp\/v2\/types\/product"}],"replies":[{"embeddable":true,"href":"https:\/\/shop.lilalom.com\/index.php\/wp-json\/wp\/v2\/comments?post=13113"}],"wp:featuredmedia":[{"embeddable":true,"href":"https:\/\/shop.lilalom.com\/index.php\/wp-json\/wp\/v2\/media\/13115"}],"wp:attachment":[{"href":"https:\/\/shop.lilalom.com\/index.php\/wp-json\/wp\/v2\/media?parent=13113"}],"wp:term":[{"taxonomy":"product_cat","embeddable":true,"href":"https:\/\/shop.lilalom.com\/index.php\/wp-json\/wp\/v2\/product_cat?post=13113"},{"taxonomy":"product_tag","embeddable":true,"href":"https:\/\/shop.lilalom.com\/index.php\/wp-json\/wp\/v2\/product_tag?post=13113"}],"curies":[{"name":"wp","href":"https:\/\/api.w.org\/{rel}","templated":true}]}}