{"id":13118,"date":"2024-10-06T11:39:18","date_gmt":"2024-10-06T09:39:18","guid":{"rendered":"https:\/\/shop.lilalom.com\/?post_type=product&#038;p=13118"},"modified":"2024-10-06T15:20:13","modified_gmt":"2024-10-06T13:20:13","slug":"nagleznjica-za-nogo-iz-cveta-prave-bele-spireje","status":"publish","type":"product","link":"https:\/\/shop.lilalom.com\/index.php\/izdelek\/nagleznjica-za-nogo-iz-cveta-prave-bele-spireje\/","title":{"rendered":"Nagle\u017enica za nogo z cvetom prave bele spireje"},"content":{"rendered":"<p>Ta \u010dudovita nagle\u017enica je izdelana iz <strong>nerjave\u010dega jekla<\/strong>\u00a0in ima\u00a0<strong>elegantno obliko<\/strong>. Njen\u00a0<strong>unikaten obesek<\/strong> v obliki cveta prave bele spireje bo zagotovo pritegnil pozornost. Nagle\u017enica je <strong>prilagodljiva<\/strong>, saj ima\u00a0<strong>5 cm podalj\u0161ek<\/strong>, tako da se prilega razli\u010dnim velikostim.<\/p>\n<p><strong>Podrobnosti:<\/strong><\/p>\n<ul>\n<li>Material: Nerjave\u010de jeklo<\/li>\n<li>Barva: Bela<\/li>\n<li>Dol\u017eina nagle\u017enice: 24 cm in podalj\u0161ek 5 cm<\/li>\n<li>Velikost obeska: Premer 10 mm<\/li>\n<\/ul>\n<p>Ta nagle\u017enica je <strong>primeren kos nakita za vsakodnevno no\u0161njo<\/strong>\u00a0ali kot\u00a0<strong>\u010dudovito darilo<\/strong>\u00a0za posebno osebo. Njena prefinjena eleganca bo dopolnila va\u0161o garderobo.<\/p>\n","protected":false},"excerpt":{"rendered":"<p>Ta \u010dudovita nagle\u017enica je izdelana iz nerjave\u010dega jekla\u00a0in ima\u00a0elegantno obliko. Njen\u00a0unikaten obesek v obliki cveta prave bele spireje bo zagotovo pritegnil pozornost. Nagle\u017enica je prilagodljiva, saj ima\u00a05 cm podalj\u0161ek, tako da se prilega razli\u010dnim velikostim. Podrobnosti: Material: Nerjave\u010de jeklo Barva: Bela Dol\u017eina nagle\u017enice: 24 cm in podalj\u0161ek 5 cm Velikost obeska: Premer 10 mm Ta [&hellip;]<\/p>\n","protected":false},"featured_media":13119,"comment_status":"open","ping_status":"closed","template":"","meta":{"_eb_attr":""},"product_cat":[202],"product_tag":[],"class_list":{"0":"post-13118","1":"product","2":"type-product","3":"status-publish","4":"has-post-thumbnail","6":"product_cat-nagleznice","8":"first","9":"instock","10":"sold-individually","11":"purchasable","12":"product-type-simple"},"jetpack_sharing_enabled":true,"_links":{"self":[{"href":"https:\/\/shop.lilalom.com\/index.php\/wp-json\/wp\/v2\/product\/13118","targetHints":{"allow":["GET"]}}],"collection":[{"href":"https:\/\/shop.lilalom.com\/index.php\/wp-json\/wp\/v2\/product"}],"about":[{"href":"https:\/\/shop.lilalom.com\/index.php\/wp-json\/wp\/v2\/types\/product"}],"replies":[{"embeddable":true,"href":"https:\/\/shop.lilalom.com\/index.php\/wp-json\/wp\/v2\/comments?post=13118"}],"wp:featuredmedia":[{"embeddable":true,"href":"https:\/\/shop.lilalom.com\/index.php\/wp-json\/wp\/v2\/media\/13119"}],"wp:attachment":[{"href":"https:\/\/shop.lilalom.com\/index.php\/wp-json\/wp\/v2\/media?parent=13118"}],"wp:term":[{"taxonomy":"product_cat","embeddable":true,"href":"https:\/\/shop.lilalom.com\/index.php\/wp-json\/wp\/v2\/product_cat?post=13118"},{"taxonomy":"product_tag","embeddable":true,"href":"https:\/\/shop.lilalom.com\/index.php\/wp-json\/wp\/v2\/product_tag?post=13118"}],"curies":[{"name":"wp","href":"https:\/\/api.w.org\/{rel}","templated":true}]}}