{"id":13123,"date":"2024-10-06T15:16:31","date_gmt":"2024-10-06T13:16:31","guid":{"rendered":"https:\/\/shop.lilalom.com\/?post_type=product&#038;p=13123"},"modified":"2024-10-12T18:56:51","modified_gmt":"2024-10-12T16:56:51","slug":"nagleznica-zlate-barve-iz-cveta-prave-bele-spireje","status":"publish","type":"product","link":"https:\/\/shop.lilalom.com\/index.php\/izdelek\/nagleznica-zlate-barve-iz-cveta-prave-bele-spireje\/","title":{"rendered":"Nagle\u017enica zlate barve z cvetom prave bele spireje"},"content":{"rendered":"<p>Ta \u010dudovita nagle\u017enica je izdelana iz <strong>nerjave\u010dega jekla<\/strong>\u00a0in ima\u00a0<strong>elegantno obliko<\/strong>. Njen\u00a0<strong>unikaten obesek<\/strong> z pravo belo spirejo bo zagotovo pritegnil pozornost. Nagle\u017enica je <strong>prilagodljiva<\/strong>, saj ima\u00a0<strong>5 cm podalj\u0161ek<\/strong>, tako da se prilega razli\u010dnim velikostim.<\/p>\n<p><strong>Podrobnosti:<\/strong><\/p>\n<ul>\n<li>Material: Nerjave\u010de jeklo<\/li>\n<li>Barva: srebrna, rde\u010da<\/li>\n<li>Dol\u017eina nagle\u017enice: 23 cm in podalj\u0161ek 5 cm<\/li>\n<li>Velikost obeska: Premer 8 mm<\/li>\n<\/ul>\n<p>Ta nagle\u017enica je <strong>primeren kos nakita za vsakodnevno no\u0161njo<\/strong>\u00a0ali kot\u00a0<strong>\u010dudovito darilo<\/strong>\u00a0za posebno osebo. Njena prefinjena eleganca bo dopolnila va\u0161o garderobo.<\/p>\n","protected":false},"excerpt":{"rendered":"<p>Ta \u010dudovita nagle\u017enica je izdelana iz nerjave\u010dega jekla\u00a0in ima\u00a0elegantno obliko. Njen\u00a0unikaten obesek z pravo belo spirejo bo zagotovo pritegnil pozornost. Nagle\u017enica je prilagodljiva, saj ima\u00a05 cm podalj\u0161ek, tako da se prilega razli\u010dnim velikostim. Podrobnosti: Material: Nerjave\u010de jeklo Barva: srebrna, rde\u010da Dol\u017eina nagle\u017enice: 23 cm in podalj\u0161ek 5 cm Velikost obeska: Premer 8 mm Ta nagle\u017enica [&hellip;]<\/p>\n","protected":false},"featured_media":13126,"comment_status":"open","ping_status":"closed","template":"","meta":{"_eb_attr":""},"product_cat":[202],"product_tag":[],"class_list":{"0":"post-13123","1":"product","2":"type-product","3":"status-publish","4":"has-post-thumbnail","6":"product_cat-nagleznice","8":"first","9":"instock","10":"sold-individually","11":"purchasable","12":"product-type-simple"},"jetpack_sharing_enabled":true,"_links":{"self":[{"href":"https:\/\/shop.lilalom.com\/index.php\/wp-json\/wp\/v2\/product\/13123","targetHints":{"allow":["GET"]}}],"collection":[{"href":"https:\/\/shop.lilalom.com\/index.php\/wp-json\/wp\/v2\/product"}],"about":[{"href":"https:\/\/shop.lilalom.com\/index.php\/wp-json\/wp\/v2\/types\/product"}],"replies":[{"embeddable":true,"href":"https:\/\/shop.lilalom.com\/index.php\/wp-json\/wp\/v2\/comments?post=13123"}],"wp:featuredmedia":[{"embeddable":true,"href":"https:\/\/shop.lilalom.com\/index.php\/wp-json\/wp\/v2\/media\/13126"}],"wp:attachment":[{"href":"https:\/\/shop.lilalom.com\/index.php\/wp-json\/wp\/v2\/media?parent=13123"}],"wp:term":[{"taxonomy":"product_cat","embeddable":true,"href":"https:\/\/shop.lilalom.com\/index.php\/wp-json\/wp\/v2\/product_cat?post=13123"},{"taxonomy":"product_tag","embeddable":true,"href":"https:\/\/shop.lilalom.com\/index.php\/wp-json\/wp\/v2\/product_tag?post=13123"}],"curies":[{"name":"wp","href":"https:\/\/api.w.org\/{rel}","templated":true}]}}