{"id":13132,"date":"2024-10-10T15:30:22","date_gmt":"2024-10-10T13:30:22","guid":{"rendered":"https:\/\/shop.lilalom.com\/?post_type=product&#038;p=13132"},"modified":"2025-01-22T14:54:58","modified_gmt":"2025-01-22T13:54:58","slug":"ogrlica-z-roza-cvetom-vrtnice","status":"publish","type":"product","link":"https:\/\/shop.lilalom.com\/index.php\/izdelek\/ogrlica-z-roza-cvetom-vrtnice\/","title":{"rendered":"Ogrlica z roza cvetom vrtnice"},"content":{"rendered":"<p>Odkrijte \u010darobnost narave z na\u0161o prefinjeno ogrlico, ki vsebuje obesek z roza cvetom vrtnice. Ta edinstven kos nakita zdru\u017euje eleganco in naravno lepoto, kar ga naredi popolno izbiro za vsako prilo\u017enost. Obesek s premerom 15 mm je skrbno oblikovan, da ujame ne\u017enost in prefinjenost vrtnice, ki simbolizira ljubezen, ob\u010dudovanje in lepoto.<\/p>\n<p>Ogrlica je dolga pribli\u017eno 45 cm, kar omogo\u010da udobno no\u0161enje in popolno prileganje. Vsi kovinski deli so izdelani iz visokokakovostnega nerjave\u010dega jekla, ki zagotavlja trajnost, odpornost proti obrabi in sijaj, ki ne bo zbledel. Nerjave\u010de jeklo je tudi hipoalergeno, kar pomeni, da je varno za vse tipe ko\u017ee.<\/p>\n<p>Ta ogrlica je ve\u010d kot le modni dodatek; je izraz va\u0161e osebnosti in stila. Nosite jo lahko samostojno za subtilen, a eleganten videz, ali pa jo kombinirate z drugimi kosi nakita za bolj izrazit u\u010dinek. Idealna je za posebne prilo\u017enosti, kot so poroke, obletnice, ali pa kot darilo za ljubljeno osebo, ki bo cenila njen edinstven dizajn in simboliko.<\/p>\n","protected":false},"excerpt":{"rendered":"<p>Odkrijte \u010darobnost narave z na\u0161o prefinjeno ogrlico, ki vsebuje obesek z roza cvetom vrtnice. Ta edinstven kos nakita zdru\u017euje eleganco in naravno lepoto, kar ga naredi popolno izbiro za vsako prilo\u017enost. Obesek s premerom 15 mm je skrbno oblikovan, da ujame ne\u017enost in prefinjenost vrtnice, ki simbolizira ljubezen, ob\u010dudovanje in lepoto. Ogrlica je dolga pribli\u017eno [&hellip;]<\/p>\n","protected":false},"featured_media":13134,"comment_status":"open","ping_status":"closed","template":"","meta":{"_eb_attr":""},"product_cat":[216,23],"product_tag":[],"class_list":{"0":"post-13132","1":"product","2":"type-product","3":"status-publish","4":"has-post-thumbnail","6":"product_brand-lilalom","7":"product_cat-danzena","8":"product_cat-ogrlice","10":"first","11":"instock","12":"featured","13":"sold-individually","14":"purchasable","15":"product-type-simple"},"jetpack_sharing_enabled":true,"_links":{"self":[{"href":"https:\/\/shop.lilalom.com\/index.php\/wp-json\/wp\/v2\/product\/13132","targetHints":{"allow":["GET"]}}],"collection":[{"href":"https:\/\/shop.lilalom.com\/index.php\/wp-json\/wp\/v2\/product"}],"about":[{"href":"https:\/\/shop.lilalom.com\/index.php\/wp-json\/wp\/v2\/types\/product"}],"replies":[{"embeddable":true,"href":"https:\/\/shop.lilalom.com\/index.php\/wp-json\/wp\/v2\/comments?post=13132"}],"wp:featuredmedia":[{"embeddable":true,"href":"https:\/\/shop.lilalom.com\/index.php\/wp-json\/wp\/v2\/media\/13134"}],"wp:attachment":[{"href":"https:\/\/shop.lilalom.com\/index.php\/wp-json\/wp\/v2\/media?parent=13132"}],"wp:term":[{"taxonomy":"product_cat","embeddable":true,"href":"https:\/\/shop.lilalom.com\/index.php\/wp-json\/wp\/v2\/product_cat?post=13132"},{"taxonomy":"product_tag","embeddable":true,"href":"https:\/\/shop.lilalom.com\/index.php\/wp-json\/wp\/v2\/product_tag?post=13132"}],"curies":[{"name":"wp","href":"https:\/\/api.w.org\/{rel}","templated":true}]}}