{"id":13136,"date":"2024-10-10T18:14:02","date_gmt":"2024-10-10T16:14:02","guid":{"rendered":"https:\/\/shop.lilalom.com\/?post_type=product&#038;p=13136"},"modified":"2024-10-10T19:54:35","modified_gmt":"2024-10-10T17:54:35","slug":"komplet-nakita-zapestnica-in-viseci-uhani-z-travniskimi-rozami","status":"publish","type":"product","link":"https:\/\/shop.lilalom.com\/index.php\/izdelek\/komplet-nakita-zapestnica-in-viseci-uhani-z-travniskimi-rozami\/","title":{"rendered":"Komplet nakita zapestnica in vise\u010di uhani z travni\u0161kimi ro\u017eami"},"content":{"rendered":"<p>Odkrijte \u010dar narave z na\u0161im \u010dudovitim kompletom nakita, ki vklju\u010duje zapestnico in vise\u010de uhane, okra\u0161ene s travni\u0161kimi ro\u017eami. V vsakem medaljonu se skriva cvet spomin\u010dice in divjega korena, kar daje nakitu edinstven in naraven pridih.<\/p>\n<p><strong>Material:<\/strong>\u00a0Nakit je izdelan iz visokokakovostnega nerjave\u010dega jekla, ki zagotavlja trajnost in odpornost proti obrabi.<\/p>\n<p><strong>Velikost:<\/strong><\/p>\n<ul>\n<li><strong>Uhani:<\/strong>\u00a0Dol\u017eina 4 cm, velikost obeska na uhanu 21&#215;16 mm.<\/li>\n<li><strong>Zapestnica:<\/strong>\u00a0Dol\u017eina 17 cm z dodatnim 3 cm podalj\u0161kom za prilagoditev. Velikost medaljona na zapestnici je 20&#215;14 mm.<\/li>\n<\/ul>\n<p>Popestrite svoj videz s tem elegantnim kompletom, ki zdru\u017euje naravno lepoto in sodobno oblikovanje. Idealen je za vse prilo\u017enosti, od vsakodnevnega no\u0161enja do posebnih dogodkov.<\/p>\n","protected":false},"excerpt":{"rendered":"<p>Odkrijte \u010dar narave z na\u0161im \u010dudovitim kompletom nakita, ki vklju\u010duje zapestnico in vise\u010de uhane, okra\u0161ene s travni\u0161kimi ro\u017eami. V vsakem medaljonu se skriva cvet spomin\u010dice in divjega korena, kar daje nakitu edinstven in naraven pridih. Material:\u00a0Nakit je izdelan iz visokokakovostnega nerjave\u010dega jekla, ki zagotavlja trajnost in odpornost proti obrabi. Velikost: Uhani:\u00a0Dol\u017eina 4 cm, velikost obeska [&hellip;]<\/p>\n","protected":false},"featured_media":13141,"comment_status":"open","ping_status":"closed","template":"","meta":{"_eb_attr":""},"product_cat":[199,24,27],"product_tag":[],"class_list":{"0":"post-13136","1":"product","2":"type-product","3":"status-publish","4":"has-post-thumbnail","6":"product_cat-viseci-uhani","7":"product_cat-zapestnice","8":"product_cat-kompleti","10":"first","11":"instock","12":"sold-individually","13":"purchasable","14":"product-type-simple"},"jetpack_sharing_enabled":true,"_links":{"self":[{"href":"https:\/\/shop.lilalom.com\/index.php\/wp-json\/wp\/v2\/product\/13136","targetHints":{"allow":["GET"]}}],"collection":[{"href":"https:\/\/shop.lilalom.com\/index.php\/wp-json\/wp\/v2\/product"}],"about":[{"href":"https:\/\/shop.lilalom.com\/index.php\/wp-json\/wp\/v2\/types\/product"}],"replies":[{"embeddable":true,"href":"https:\/\/shop.lilalom.com\/index.php\/wp-json\/wp\/v2\/comments?post=13136"}],"wp:featuredmedia":[{"embeddable":true,"href":"https:\/\/shop.lilalom.com\/index.php\/wp-json\/wp\/v2\/media\/13141"}],"wp:attachment":[{"href":"https:\/\/shop.lilalom.com\/index.php\/wp-json\/wp\/v2\/media?parent=13136"}],"wp:term":[{"taxonomy":"product_cat","embeddable":true,"href":"https:\/\/shop.lilalom.com\/index.php\/wp-json\/wp\/v2\/product_cat?post=13136"},{"taxonomy":"product_tag","embeddable":true,"href":"https:\/\/shop.lilalom.com\/index.php\/wp-json\/wp\/v2\/product_tag?post=13136"}],"curies":[{"name":"wp","href":"https:\/\/api.w.org\/{rel}","templated":true}]}}