{"id":13150,"date":"2024-10-12T18:45:13","date_gmt":"2024-10-12T16:45:13","guid":{"rendered":"https:\/\/shop.lilalom.com\/?post_type=product&#038;p=13150"},"modified":"2024-10-12T18:57:20","modified_gmt":"2024-10-12T16:57:20","slug":"nagleznica-za-nogo-z-cvetom-divjega-korena","status":"publish","type":"product","link":"https:\/\/shop.lilalom.com\/index.php\/izdelek\/nagleznica-za-nogo-z-cvetom-divjega-korena\/","title":{"rendered":"Nagle\u017enica za nogo z cvetom divjega korena"},"content":{"rendered":"<p>Ta \u010dudovita nagle\u017enica je izdelana iz <strong>nerjave\u010dega jekla<\/strong>\u00a0in ima\u00a0<strong>elegantno obliko<\/strong>. Njen\u00a0<strong>unikaten obesek z pravim cvetom divjega korena<\/strong> bo zagotovo pritegnil pozornost.<\/p>\n<p><strong>Podrobnosti:<\/strong><\/p>\n<ul>\n<li>Material: Nerjave\u010de jeklo<\/li>\n<li>Barva: smaragdno zelena, srebrna<\/li>\n<li>Dol\u017eina nagle\u017enice: 26 cm<\/li>\n<li>Velikost obeska: Premer 20 x12 mm<\/li>\n<\/ul>\n<p>Ta nagle\u017enica je <strong>primeren kos nakita za vsakodnevno no\u0161njo<\/strong>\u00a0ali kot\u00a0<strong>\u010dudovito darilo<\/strong>\u00a0za posebno osebo. Njena prefinjena eleganca bo dopolnila va\u0161o garderobo.<\/p>\n","protected":false},"excerpt":{"rendered":"<p>Ta \u010dudovita nagle\u017enica je izdelana iz nerjave\u010dega jekla\u00a0in ima\u00a0elegantno obliko. Njen\u00a0unikaten obesek z pravim cvetom divjega korena bo zagotovo pritegnil pozornost. Podrobnosti: Material: Nerjave\u010de jeklo Barva: smaragdno zelena, srebrna Dol\u017eina nagle\u017enice: 26 cm Velikost obeska: Premer 20 x12 mm Ta nagle\u017enica je primeren kos nakita za vsakodnevno no\u0161njo\u00a0ali kot\u00a0\u010dudovito darilo\u00a0za posebno osebo. Njena prefinjena eleganca [&hellip;]<\/p>\n","protected":false},"featured_media":13154,"comment_status":"open","ping_status":"closed","template":"","meta":{"_eb_attr":""},"product_cat":[202],"product_tag":[],"class_list":{"0":"post-13150","1":"product","2":"type-product","3":"status-publish","4":"has-post-thumbnail","6":"product_brand-lilalom","7":"product_cat-nagleznice","9":"first","10":"instock","11":"sale","12":"sold-individually","13":"purchasable","14":"product-type-simple"},"jetpack_sharing_enabled":true,"_links":{"self":[{"href":"https:\/\/shop.lilalom.com\/index.php\/wp-json\/wp\/v2\/product\/13150","targetHints":{"allow":["GET"]}}],"collection":[{"href":"https:\/\/shop.lilalom.com\/index.php\/wp-json\/wp\/v2\/product"}],"about":[{"href":"https:\/\/shop.lilalom.com\/index.php\/wp-json\/wp\/v2\/types\/product"}],"replies":[{"embeddable":true,"href":"https:\/\/shop.lilalom.com\/index.php\/wp-json\/wp\/v2\/comments?post=13150"}],"wp:featuredmedia":[{"embeddable":true,"href":"https:\/\/shop.lilalom.com\/index.php\/wp-json\/wp\/v2\/media\/13154"}],"wp:attachment":[{"href":"https:\/\/shop.lilalom.com\/index.php\/wp-json\/wp\/v2\/media?parent=13150"}],"wp:term":[{"taxonomy":"product_cat","embeddable":true,"href":"https:\/\/shop.lilalom.com\/index.php\/wp-json\/wp\/v2\/product_cat?post=13150"},{"taxonomy":"product_tag","embeddable":true,"href":"https:\/\/shop.lilalom.com\/index.php\/wp-json\/wp\/v2\/product_tag?post=13150"}],"curies":[{"name":"wp","href":"https:\/\/api.w.org\/{rel}","templated":true}]}}