{"id":13164,"date":"2024-10-26T11:50:14","date_gmt":"2024-10-26T09:50:14","guid":{"rendered":"https:\/\/shop.lilalom.com\/?post_type=product&#038;p=13164"},"modified":"2025-01-22T14:46:33","modified_gmt":"2025-01-22T13:46:33","slug":"prstan-z-pravo-vrtnico","status":"publish","type":"product","link":"https:\/\/shop.lilalom.com\/index.php\/izdelek\/prstan-z-pravo-vrtnico\/","title":{"rendered":"Prstan z pravo vrtnico"},"content":{"rendered":"<p><span class=\"\">Navdu\u0161ite s \u010dudovitim prstanom, ki zdru\u017euje eleganco in naravno lepoto. Ta prstan je izdelan iz nerjave\u010dega jekla v zlati barvi in okra\u0161en s pravim cvetom vrtnice in ble\u0161\u010dicami. <\/span><span class=\"\">Eleganten,\u00a0o\u010darljiv\u00a0in\u00a0izstopajo\u010d\u00a0prstan\u00a0za\u00a0vsako\u00a0prilo\u017enost,\u00a0ki\u00a0bo\u00a0vsekakor\u00a0pritegnil\u00a0pozornost.\u00a0Popoln\u00a0dodatek\u00a0k\u00a0va\u0161i\u00a0zbirki\u00a0nakita\u00a0ali\u00a0kot\u00a0darilo\u00a0za\u00a0va\u0161e\u00a0ljubljene.<\/span><\/p>\n<ul>\n<li><strong>Material<\/strong>: Ekolo\u0161ka smola in nerjave\u010de jeklo<\/li>\n<li><strong>Velikost medaljona na prstanu<\/strong>: premer 28 mm (vi\u0161ina cca 15 mm)<\/li>\n<li><strong>Velikost prstana<\/strong>: 18 mm, rahlo prilagodljiva z upogibanjem<\/li>\n<\/ul>\n<p>Ta prstan je popoln dodatek za vse, ki cenijo naravno lepoto in trajnostne materiale. Dodajte ga svoji zbirki in izstopajte s stilom.<\/p>\n","protected":false},"excerpt":{"rendered":"<p>Navdu\u0161ite s \u010dudovitim prstanom, ki zdru\u017euje eleganco in naravno lepoto. Ta prstan je izdelan iz nerjave\u010dega jekla v zlati barvi in okra\u0161en s pravim cvetom vrtnice in ble\u0161\u010dicami. Eleganten,\u00a0o\u010darljiv\u00a0in\u00a0izstopajo\u010d\u00a0prstan\u00a0za\u00a0vsako\u00a0prilo\u017enost,\u00a0ki\u00a0bo\u00a0vsekakor\u00a0pritegnil\u00a0pozornost.\u00a0Popoln\u00a0dodatek\u00a0k\u00a0va\u0161i\u00a0zbirki\u00a0nakita\u00a0ali\u00a0kot\u00a0darilo\u00a0za\u00a0va\u0161e\u00a0ljubljene. Material: Ekolo\u0161ka smola in nerjave\u010de jeklo Velikost medaljona na prstanu: premer 28 mm (vi\u0161ina cca 15 mm) Velikost prstana: 18 mm, rahlo prilagodljiva z upogibanjem Ta [&hellip;]<\/p>\n","protected":false},"featured_media":13168,"comment_status":"open","ping_status":"closed","template":"","meta":{"_eb_attr":""},"product_cat":[216,25],"product_tag":[],"class_list":{"0":"post-13164","1":"product","2":"type-product","3":"status-publish","4":"has-post-thumbnail","6":"product_cat-danzena","7":"product_cat-prstani","9":"first","10":"instock","11":"sold-individually","12":"purchasable","13":"product-type-simple"},"jetpack_sharing_enabled":true,"_links":{"self":[{"href":"https:\/\/shop.lilalom.com\/index.php\/wp-json\/wp\/v2\/product\/13164","targetHints":{"allow":["GET"]}}],"collection":[{"href":"https:\/\/shop.lilalom.com\/index.php\/wp-json\/wp\/v2\/product"}],"about":[{"href":"https:\/\/shop.lilalom.com\/index.php\/wp-json\/wp\/v2\/types\/product"}],"replies":[{"embeddable":true,"href":"https:\/\/shop.lilalom.com\/index.php\/wp-json\/wp\/v2\/comments?post=13164"}],"wp:featuredmedia":[{"embeddable":true,"href":"https:\/\/shop.lilalom.com\/index.php\/wp-json\/wp\/v2\/media\/13168"}],"wp:attachment":[{"href":"https:\/\/shop.lilalom.com\/index.php\/wp-json\/wp\/v2\/media?parent=13164"}],"wp:term":[{"taxonomy":"product_cat","embeddable":true,"href":"https:\/\/shop.lilalom.com\/index.php\/wp-json\/wp\/v2\/product_cat?post=13164"},{"taxonomy":"product_tag","embeddable":true,"href":"https:\/\/shop.lilalom.com\/index.php\/wp-json\/wp\/v2\/product_tag?post=13164"}],"curies":[{"name":"wp","href":"https:\/\/api.w.org\/{rel}","templated":true}]}}