{"id":13181,"date":"2024-10-30T09:35:45","date_gmt":"2024-10-30T08:35:45","guid":{"rendered":"https:\/\/shop.lilalom.com\/?post_type=product&#038;p=13181"},"modified":"2024-10-30T10:11:40","modified_gmt":"2024-10-30T09:11:40","slug":"uhani-v-obliki-metulja-z-travniskimi-rastlinami","status":"publish","type":"product","link":"https:\/\/shop.lilalom.com\/index.php\/izdelek\/uhani-v-obliki-metulja-z-travniskimi-rastlinami\/","title":{"rendered":"Uhani v obliki metulja z travni\u0161kimi rastlinami"},"content":{"rendered":"<div>\n<div class=\"flex w-full flex-col items-end\" data-content=\"user-message\"><\/div>\n<\/div>\n<div data-content=\"ai-message\">\n<div class=\"space-y-3 break-words\">\n<p>Dodajte pridih naravne lepote in elegance svoji zbirki nakita z na\u0161imi uhani v obliki metulja, okra\u0161enimi z ne\u017enimi travni\u0161kimi rastlinami.<\/p>\n<p>Velikost uhanov, pribli\u017eno 12&#215;7 mm, je popolna za tiste, ki cenijo diskretno eleganco z izrazitim stilom. Ro\u010dno izdelani z veliko pozornostjo do detajlov, ti uhani zagotavljajo trajnost in visoko kakovost.<\/p>\n<p>Uhani v obliki metulja so ve\u010d kot le modni dodatek; so izraz va\u0161e osebnosti in ljubezni do narave. Naravni elementi, vklju\u010deni v oblikovanje, zagotavljajo, da bo vsak par edinstven in poseben. Nosite jih za poseben dogodek ali vsak dan, da dodate pridih mladostne sve\u017eine in elegance svojemu videzu. S temi uhani boste zagotovo izstopali in pritegnili ob\u010dudovanje. Nepogre\u0161ljiv dodatek v va\u0161i kolekciji, ki ga ne smete zamuditi.<\/p>\n<\/div>\n<\/div>\n","protected":false},"excerpt":{"rendered":"<p>Dodajte pridih naravne lepote in elegance svoji zbirki nakita z na\u0161imi uhani v obliki metulja, okra\u0161enimi z ne\u017enimi travni\u0161kimi rastlinami. Velikost uhanov, pribli\u017eno 12&#215;7 mm, je popolna za tiste, ki cenijo diskretno eleganco z izrazitim stilom. Ro\u010dno izdelani z veliko pozornostjo do detajlov, ti uhani zagotavljajo trajnost in visoko kakovost. Uhani v obliki metulja so [&hellip;]<\/p>\n","protected":false},"featured_media":13185,"comment_status":"open","ping_status":"closed","template":"","meta":{"_eb_attr":""},"product_cat":[198],"product_tag":[],"class_list":{"0":"post-13181","1":"product","2":"type-product","3":"status-publish","4":"has-post-thumbnail","6":"product_brand-lilalom","7":"product_cat-klasicni-uhani","9":"first","10":"instock","11":"sold-individually","12":"purchasable","13":"product-type-simple"},"jetpack_sharing_enabled":true,"_links":{"self":[{"href":"https:\/\/shop.lilalom.com\/index.php\/wp-json\/wp\/v2\/product\/13181","targetHints":{"allow":["GET"]}}],"collection":[{"href":"https:\/\/shop.lilalom.com\/index.php\/wp-json\/wp\/v2\/product"}],"about":[{"href":"https:\/\/shop.lilalom.com\/index.php\/wp-json\/wp\/v2\/types\/product"}],"replies":[{"embeddable":true,"href":"https:\/\/shop.lilalom.com\/index.php\/wp-json\/wp\/v2\/comments?post=13181"}],"wp:featuredmedia":[{"embeddable":true,"href":"https:\/\/shop.lilalom.com\/index.php\/wp-json\/wp\/v2\/media\/13185"}],"wp:attachment":[{"href":"https:\/\/shop.lilalom.com\/index.php\/wp-json\/wp\/v2\/media?parent=13181"}],"wp:term":[{"taxonomy":"product_cat","embeddable":true,"href":"https:\/\/shop.lilalom.com\/index.php\/wp-json\/wp\/v2\/product_cat?post=13181"},{"taxonomy":"product_tag","embeddable":true,"href":"https:\/\/shop.lilalom.com\/index.php\/wp-json\/wp\/v2\/product_tag?post=13181"}],"curies":[{"name":"wp","href":"https:\/\/api.w.org\/{rel}","templated":true}]}}