{"id":13186,"date":"2024-10-30T10:34:38","date_gmt":"2024-10-30T09:34:38","guid":{"rendered":"https:\/\/shop.lilalom.com\/?post_type=product&#038;p=13186"},"modified":"2024-11-01T11:07:51","modified_gmt":"2024-11-01T10:07:51","slug":"eleganten-prstan-z-vijolcno-cvetlico","status":"publish","type":"product","link":"https:\/\/shop.lilalom.com\/index.php\/izdelek\/eleganten-prstan-z-vijolcno-cvetlico\/","title":{"rendered":"Eleganten prstan z vijol\u010dno cvetlico"},"content":{"rendered":"<p>Prinesite naravo na va\u0161o roko s tem \u010dudovitim prstanom z motivom vijol\u010dne cvetlice odete v ve\u010dnost. Izdelan je iz visokokakovostnega nerjave\u010dega jekla v zlati barvi in je delno prilagodljiv z rahlim upogibanjem.<\/p>\n<ul>\n<li><strong>Material<\/strong>: Nerjave\u010de jeklo v zlati barvi<\/li>\n<li><strong>Velikost prstana<\/strong>: 18 mm, delno prilagodljiv<\/li>\n<li><strong>Velikost medaljona<\/strong>: pribli\u017eno 13 mm<\/li>\n<\/ul>\n<p>Eleganten in o\u010darljiv prstan, ki dodaja pridih narave vsaki prilo\u017enosti. Popoln dodatek k va\u0161i zbirki nakita ali kot darilo za nekoga posebnega.<\/p>\n","protected":false},"excerpt":{"rendered":"<p>Prinesite naravo na va\u0161o roko s tem \u010dudovitim prstanom z motivom vijol\u010dne cvetlice odete v ve\u010dnost. Izdelan je iz visokokakovostnega nerjave\u010dega jekla v zlati barvi in je delno prilagodljiv z rahlim upogibanjem. Material: Nerjave\u010de jeklo v zlati barvi Velikost prstana: 18 mm, delno prilagodljiv Velikost medaljona: pribli\u017eno 13 mm Eleganten in o\u010darljiv prstan, ki dodaja [&hellip;]<\/p>\n","protected":false},"featured_media":13190,"comment_status":"open","ping_status":"closed","template":"","meta":{"_eb_attr":""},"product_cat":[25],"product_tag":[],"class_list":{"0":"post-13186","1":"product","2":"type-product","3":"status-publish","4":"has-post-thumbnail","6":"product_cat-prstani","8":"first","9":"instock","10":"sold-individually","11":"purchasable","12":"product-type-simple"},"jetpack_sharing_enabled":true,"_links":{"self":[{"href":"https:\/\/shop.lilalom.com\/index.php\/wp-json\/wp\/v2\/product\/13186","targetHints":{"allow":["GET"]}}],"collection":[{"href":"https:\/\/shop.lilalom.com\/index.php\/wp-json\/wp\/v2\/product"}],"about":[{"href":"https:\/\/shop.lilalom.com\/index.php\/wp-json\/wp\/v2\/types\/product"}],"replies":[{"embeddable":true,"href":"https:\/\/shop.lilalom.com\/index.php\/wp-json\/wp\/v2\/comments?post=13186"}],"wp:featuredmedia":[{"embeddable":true,"href":"https:\/\/shop.lilalom.com\/index.php\/wp-json\/wp\/v2\/media\/13190"}],"wp:attachment":[{"href":"https:\/\/shop.lilalom.com\/index.php\/wp-json\/wp\/v2\/media?parent=13186"}],"wp:term":[{"taxonomy":"product_cat","embeddable":true,"href":"https:\/\/shop.lilalom.com\/index.php\/wp-json\/wp\/v2\/product_cat?post=13186"},{"taxonomy":"product_tag","embeddable":true,"href":"https:\/\/shop.lilalom.com\/index.php\/wp-json\/wp\/v2\/product_tag?post=13186"}],"curies":[{"name":"wp","href":"https:\/\/api.w.org\/{rel}","templated":true}]}}