{"id":13191,"date":"2024-10-30T11:50:05","date_gmt":"2024-10-30T10:50:05","guid":{"rendered":"https:\/\/shop.lilalom.com\/?post_type=product&#038;p=13191"},"modified":"2024-10-30T12:28:41","modified_gmt":"2024-10-30T11:28:41","slug":"klasicni-okrogli-uhani-z-cvetovi-rastline","status":"publish","type":"product","link":"https:\/\/shop.lilalom.com\/index.php\/izdelek\/klasicni-okrogli-uhani-z-cvetovi-rastline\/","title":{"rendered":"Klasi\u010dni okrogli uhani z cvetovi rastline"},"content":{"rendered":"<div class=\"flex w-full flex-col items-end\" data-content=\"user-message\">\n<div>\n<div class=\"flex w-full flex-col items-end\" data-content=\"user-message\"><span style=\"color: var(--rz-text-color); font-family: var(--rz-font-family-primary);\">Raz\u0161irite svojo kolekcijo nakita s klasi\u010dnimi okroglimi uhani vijoli\u010dne barve, ki so izjemno okra\u0161eni s cvetovi rastlin. S premerom 15 mm ti uhani zdru\u017eujejo brez\u010dasno eleganco in naravno lepoto, kar jih naredi popoln dodatek za vsak modni slog. Ro\u010dno izdelani z najvi\u0161jo mero natan\u010dnosti, ti uhani izstopajo s svojo prelepo vijoli\u010dno barvo, ki simbolizira prefinjenost in kreativnost. Okrasitev s cvetovi rastlin dodaja kan\u010dek naravne sve\u017eine, kar jih dela edinstvene in nepozabne.<\/span><\/div>\n<\/div>\n<div data-content=\"ai-message\">\n<div class=\"space-y-3 break-words\">\n<p>Idealni so za vsakodnevno no\u0161enje ali posebne prilo\u017enosti, saj njihov edinstven dizajn poskrbi, da bodo vedno v sredi\u0161\u010du pozornosti. Njihova vsestranskost omogo\u010da, da jih kombinirate z razli\u010dnimi stili, od elegantnih ve\u010dernih oblek do spro\u0161\u010denih dnevnih kombinacij. Dodajte pridih razko\u0161ja in naravne lepote svoji zbirki nakita s temi klasi\u010dnimi okroglimi uhani vijoli\u010dne barve. Nepogre\u0161ljiv kos nakita, ki bo zagotovo pritegnil ob\u010dudovanje in dopolnil va\u0161o modno izku\u0161njo.<\/p>\n<\/div>\n<\/div>\n<\/div>\n","protected":false},"excerpt":{"rendered":"<p>Raz\u0161irite svojo kolekcijo nakita s klasi\u010dnimi okroglimi uhani vijoli\u010dne barve, ki so izjemno okra\u0161eni s cvetovi rastlin. S premerom 15 mm ti uhani zdru\u017eujejo brez\u010dasno eleganco in naravno lepoto, kar jih naredi popoln dodatek za vsak modni slog. Ro\u010dno izdelani z najvi\u0161jo mero natan\u010dnosti, ti uhani izstopajo s svojo prelepo vijoli\u010dno barvo, ki simbolizira prefinjenost [&hellip;]<\/p>\n","protected":false},"featured_media":13194,"comment_status":"open","ping_status":"closed","template":"","meta":{"_eb_attr":""},"product_cat":[198],"product_tag":[],"class_list":{"0":"post-13191","1":"product","2":"type-product","3":"status-publish","4":"has-post-thumbnail","6":"product_brand-lilalom","7":"product_cat-klasicni-uhani","9":"first","10":"instock","11":"sale","12":"sold-individually","13":"purchasable","14":"product-type-simple"},"jetpack_sharing_enabled":true,"_links":{"self":[{"href":"https:\/\/shop.lilalom.com\/index.php\/wp-json\/wp\/v2\/product\/13191","targetHints":{"allow":["GET"]}}],"collection":[{"href":"https:\/\/shop.lilalom.com\/index.php\/wp-json\/wp\/v2\/product"}],"about":[{"href":"https:\/\/shop.lilalom.com\/index.php\/wp-json\/wp\/v2\/types\/product"}],"replies":[{"embeddable":true,"href":"https:\/\/shop.lilalom.com\/index.php\/wp-json\/wp\/v2\/comments?post=13191"}],"wp:featuredmedia":[{"embeddable":true,"href":"https:\/\/shop.lilalom.com\/index.php\/wp-json\/wp\/v2\/media\/13194"}],"wp:attachment":[{"href":"https:\/\/shop.lilalom.com\/index.php\/wp-json\/wp\/v2\/media?parent=13191"}],"wp:term":[{"taxonomy":"product_cat","embeddable":true,"href":"https:\/\/shop.lilalom.com\/index.php\/wp-json\/wp\/v2\/product_cat?post=13191"},{"taxonomy":"product_tag","embeddable":true,"href":"https:\/\/shop.lilalom.com\/index.php\/wp-json\/wp\/v2\/product_tag?post=13191"}],"curies":[{"name":"wp","href":"https:\/\/api.w.org\/{rel}","templated":true}]}}