{"id":13196,"date":"2024-10-30T12:40:47","date_gmt":"2024-10-30T11:40:47","guid":{"rendered":"https:\/\/shop.lilalom.com\/?post_type=product&#038;p=13196"},"modified":"2024-10-30T12:57:49","modified_gmt":"2024-10-30T11:57:49","slug":"okrogli-uhani-z-zlatimi-blescicami","status":"publish","type":"product","link":"https:\/\/shop.lilalom.com\/index.php\/izdelek\/okrogli-uhani-z-zlatimi-blescicami\/","title":{"rendered":"Okrogli uhani z zlatimi ble\u0161\u010dicami"},"content":{"rendered":"<p>Oplemenitite svojo zbirko nakita s klasi\u010dnimi roza okroglimi uhani, ki jih krasijo zlati listi\u010di. S premerom pribli\u017eno 16 mm, so ti uhani \u010dudovit dodatek, ki zdru\u017euje eleganco in prefinjenost z edinstvenim pridihom narave. Vsak par uhanov je skrbno izdelan, da zagotovi visoko kakovost in trajnost. Roza barva prispeva k ne\u017enemu, \u017eenstvenemu videzu, medtem ko zlati listi\u010di dodajo pridih razko\u0161ja in \u0161arma. Ti uhani so kot nala\u0161\u010d za posebne prilo\u017enosti, a tudi dovolj subtilni za vsakodnevno no\u0161enje.<\/p>\n<p>S svojim brez\u010dasnim dizajnom in prelepim detajlom zlatih listi\u010dev, ti uhani pritegnejo pozornost in dopolnijo vsak modni slog. Ne glede na to, ali jih nosite s prefinjeno ve\u010derno obleko ali spro\u0161\u010deno dnevno kombinacijo, bodo ti uhani vedno izstopali kot eleganten in sofisticiran dodatek.<\/p>\n","protected":false},"excerpt":{"rendered":"<p>Oplemenitite svojo zbirko nakita s klasi\u010dnimi roza okroglimi uhani, ki jih krasijo zlati listi\u010di. S premerom pribli\u017eno 16 mm, so ti uhani \u010dudovit dodatek, ki zdru\u017euje eleganco in prefinjenost z edinstvenim pridihom narave. Vsak par uhanov je skrbno izdelan, da zagotovi visoko kakovost in trajnost. Roza barva prispeva k ne\u017enemu, \u017eenstvenemu videzu, medtem ko zlati [&hellip;]<\/p>\n","protected":false},"featured_media":13199,"comment_status":"open","ping_status":"closed","template":"","meta":{"_eb_attr":""},"product_cat":[198],"product_tag":[],"class_list":{"0":"post-13196","1":"product","2":"type-product","3":"status-publish","4":"has-post-thumbnail","6":"product_brand-lilalom","7":"product_cat-klasicni-uhani","9":"first","10":"instock","11":"sold-individually","12":"purchasable","13":"product-type-simple"},"jetpack_sharing_enabled":true,"_links":{"self":[{"href":"https:\/\/shop.lilalom.com\/index.php\/wp-json\/wp\/v2\/product\/13196","targetHints":{"allow":["GET"]}}],"collection":[{"href":"https:\/\/shop.lilalom.com\/index.php\/wp-json\/wp\/v2\/product"}],"about":[{"href":"https:\/\/shop.lilalom.com\/index.php\/wp-json\/wp\/v2\/types\/product"}],"replies":[{"embeddable":true,"href":"https:\/\/shop.lilalom.com\/index.php\/wp-json\/wp\/v2\/comments?post=13196"}],"wp:featuredmedia":[{"embeddable":true,"href":"https:\/\/shop.lilalom.com\/index.php\/wp-json\/wp\/v2\/media\/13199"}],"wp:attachment":[{"href":"https:\/\/shop.lilalom.com\/index.php\/wp-json\/wp\/v2\/media?parent=13196"}],"wp:term":[{"taxonomy":"product_cat","embeddable":true,"href":"https:\/\/shop.lilalom.com\/index.php\/wp-json\/wp\/v2\/product_cat?post=13196"},{"taxonomy":"product_tag","embeddable":true,"href":"https:\/\/shop.lilalom.com\/index.php\/wp-json\/wp\/v2\/product_tag?post=13196"}],"curies":[{"name":"wp","href":"https:\/\/api.w.org\/{rel}","templated":true}]}}