{"id":13205,"date":"2024-11-03T09:08:50","date_gmt":"2024-11-03T08:08:50","guid":{"rendered":"https:\/\/shop.lilalom.com\/?post_type=product&#038;p=13205"},"modified":"2024-11-12T10:36:40","modified_gmt":"2024-11-12T09:36:40","slug":"vecni-spominek-iz-dlake-vasega-ljublencka","status":"publish","type":"product","link":"https:\/\/shop.lilalom.com\/index.php\/izdelek\/vecni-spominek-iz-dlake-vasega-ljublencka\/","title":{"rendered":"Ve\u010dni spominek iz dlake va\u0161ega ljublen\u010dka"},"content":{"rendered":"<p>Ustvarite ve\u010dni spominek, ki vsebuje dlako va\u0161ega ljubljen\u010dka, naj bo to pes, ma\u010dka ali konj. Vsak kos je natan\u010dno izdelan, da zagotavlja najvi\u0161jo kakovost in ujame resni\u010dno bistvo va\u0161ega ljubljen\u010dka. Ta edinstven in sr\u010den poklon ne obele\u017euje le njihovega spomina, temve\u010d tudi njihovo prisotnost, kar ustvarja dragocen spomin ki ga lahko ohranite za vedno. Samostoje\u010di okras je lep na\u010din, da ohranite vez va\u0161ega ljubljen\u010dka blizu va\u0161ega srca. Idealno kot \u010dustveno darilo ali osebni spominek.<\/p>\n<p>Premer kroga je 6 cm, vi\u0161ina z stojalom je pribli\u017eno\u00a0 7 cm.<\/p>\n<p>Navodila za pripravo in po\u0161iljanje dlake<\/p>\n<ol start=\"1\">\n<li>Po potrditvi naro\u010dila spakirajte o\u010di\u0161\u010deno in dezinfekcijsko dlako med dva kosa papirja in robove papirja tesno oblepite z lepilnim trakom, tako da dlaka ne more pasti ven.<\/li>\n<li>Na ovojnico z dlako napi\u0161ite svoj naslov in \u0161tevilko naro\u010dila. Nato ovojnico postavite v oblazinjeno kuverto.<\/li>\n<li>Oblazinjeno kuverto po\u0161ljite na moj naslov. Izdelava se bo za\u010dela takoj, ko prejmemo va\u0161 paket z dlako.<\/li>\n<li>\u010cas izdelave je pribli\u017eno 8 do 20 dni.<\/li>\n<\/ol>\n<p>Pred oddajo naro\u010dila me lahko tudi predhodno kontaktirate, da se dogovorimo in vam podamo ve\u010d informacij.<\/p>\n","protected":false},"excerpt":{"rendered":"<p>Ustvarite ve\u010dni spominek, ki vsebuje dlako va\u0161ega ljubljen\u010dka, naj bo to pes, ma\u010dka ali konj. Vsak kos je natan\u010dno izdelan, da zagotavlja najvi\u0161jo kakovost in ujame resni\u010dno bistvo va\u0161ega ljubljen\u010dka. Ta edinstven in sr\u010den poklon ne obele\u017euje le njihovega spomina, temve\u010d tudi njihovo prisotnost, kar ustvarja dragocen spomin ki ga lahko ohranite za vedno. Samostoje\u010di [&hellip;]<\/p>\n","protected":false},"featured_media":13210,"comment_status":"open","ping_status":"closed","template":"","meta":{"_eb_attr":""},"product_cat":[203],"product_tag":[],"class_list":{"0":"post-13205","1":"product","2":"type-product","3":"status-publish","4":"has-post-thumbnail","6":"product_brand-lilalom","7":"product_cat-izdelki-po-narocilu","9":"first","10":"instock","11":"featured","12":"purchasable","13":"product-type-variable"},"jetpack_sharing_enabled":true,"_links":{"self":[{"href":"https:\/\/shop.lilalom.com\/index.php\/wp-json\/wp\/v2\/product\/13205","targetHints":{"allow":["GET"]}}],"collection":[{"href":"https:\/\/shop.lilalom.com\/index.php\/wp-json\/wp\/v2\/product"}],"about":[{"href":"https:\/\/shop.lilalom.com\/index.php\/wp-json\/wp\/v2\/types\/product"}],"replies":[{"embeddable":true,"href":"https:\/\/shop.lilalom.com\/index.php\/wp-json\/wp\/v2\/comments?post=13205"}],"wp:featuredmedia":[{"embeddable":true,"href":"https:\/\/shop.lilalom.com\/index.php\/wp-json\/wp\/v2\/media\/13210"}],"wp:attachment":[{"href":"https:\/\/shop.lilalom.com\/index.php\/wp-json\/wp\/v2\/media?parent=13205"}],"wp:term":[{"taxonomy":"product_cat","embeddable":true,"href":"https:\/\/shop.lilalom.com\/index.php\/wp-json\/wp\/v2\/product_cat?post=13205"},{"taxonomy":"product_tag","embeddable":true,"href":"https:\/\/shop.lilalom.com\/index.php\/wp-json\/wp\/v2\/product_tag?post=13205"}],"curies":[{"name":"wp","href":"https:\/\/api.w.org\/{rel}","templated":true}]}}