{"id":13278,"date":"2023-02-11T11:36:45","date_gmt":"2023-02-11T10:36:45","guid":{"rendered":"https:\/\/shop.lilalom.com\/?post_type=product&#038;p=13278"},"modified":"2026-03-15T15:30:40","modified_gmt":"2026-03-15T14:30:40","slug":"darilni-bon-lilalom","status":"publish","type":"product","link":"https:\/\/shop.lilalom.com\/index.php\/izdelek\/darilni-bon-lilalom\/","title":{"rendered":"Darilni bon Lilalom"},"content":{"rendered":"<p>Podarite svojim ljubljenim svobodo izbire s tem darilnim bonom. Ta digitalni bon, shranjen v .PDF datoteki, omogo\u010da enostavno prena\u0161anje in uporabo. Idealen je za vse prilo\u017enosti, bodisi rojstne dneve, praznike, obletnice ali katero koli drugo posebno prilo\u017enost.<\/p>\n<p><strong>Prednosti na\u0161ega darilnega bona:<\/strong><\/p>\n<ul>\n<li><strong>Digitalna oblika:<\/strong> Dostava po elektronski po\u0161ti brez stro\u0161kov po\u0161iljanja.<\/li>\n<li><strong>Fleksibilnost:<\/strong> Veljaven je 6 mesecev od datuma nakupa, kar omogo\u010da dovolj \u010dasa za izbiro popolnega darila.<\/li>\n<li><strong>\u0160iroka izbira:<\/strong> Obdarovanec lahko izbira med \u0161iroko paleto na\u0161ih izdelkov, zagotovo bo na\u0161el nekaj, kar mu bo v\u0161e\u010d.<\/li>\n<\/ul>\n<p><strong>Kako deluje:<\/strong><\/p>\n<ol start=\"1\">\n<li><strong>Nakup:<\/strong> Izberite darilni bon v vrednosti 30 \u20ac in ga dodajte v ko\u0161arico.<\/li>\n<li><strong>Prenos:<\/strong> Po potrditvi pla\u010dila boste prejeli darilni bon v .PDF obliki po elektronski po\u0161ti.<\/li>\n<li><strong>Podarjanje:<\/strong> Natisnite darilni bon ali ga po\u0161ljite elektronsko obdarovancu.<\/li>\n<\/ol>\n<p><strong>Darilni bon je popolna re\u0161itev za tiste, ki \u017eelijo svojim ljubljenim podariti nekaj posebnega, a jim \u017eelijo omogo\u010diti, da si sami izberejo, kar si najbolj \u017eelijo.<\/strong><\/p>\n<p>Naro\u010dite svoj darilni bon danes in podarite darilo, ki bo vedno navdu\u0161ilo!<\/p>\n","protected":false},"excerpt":{"rendered":"<p>Podarite svojim ljubljenim svobodo izbire s tem darilnim bonom. Ta digitalni bon, shranjen v .PDF datoteki, omogo\u010da enostavno prena\u0161anje in uporabo. Idealen je za vse prilo\u017enosti, bodisi rojstne dneve, praznike, obletnice ali katero koli drugo posebno prilo\u017enost. Prednosti na\u0161ega darilnega bona: Digitalna oblika: Dostava po elektronski po\u0161ti brez stro\u0161kov po\u0161iljanja. Fleksibilnost: Veljaven je 6 mesecev [&hellip;]<\/p>\n","protected":false},"featured_media":13666,"comment_status":"open","ping_status":"closed","template":"","meta":{"_eb_attr":""},"product_cat":[16],"product_tag":[],"class_list":{"0":"post-13278","1":"product","2":"type-product","3":"status-publish","4":"has-post-thumbnail","6":"product_brand-lilalom","7":"product_cat-ostalo","8":"product_shipping_class-dostava-digital","10":"first","11":"instock","12":"purchasable","13":"product-type-variable","14":"has-default-attributes"},"jetpack_sharing_enabled":true,"_links":{"self":[{"href":"https:\/\/shop.lilalom.com\/index.php\/wp-json\/wp\/v2\/product\/13278","targetHints":{"allow":["GET"]}}],"collection":[{"href":"https:\/\/shop.lilalom.com\/index.php\/wp-json\/wp\/v2\/product"}],"about":[{"href":"https:\/\/shop.lilalom.com\/index.php\/wp-json\/wp\/v2\/types\/product"}],"replies":[{"embeddable":true,"href":"https:\/\/shop.lilalom.com\/index.php\/wp-json\/wp\/v2\/comments?post=13278"}],"wp:featuredmedia":[{"embeddable":true,"href":"https:\/\/shop.lilalom.com\/index.php\/wp-json\/wp\/v2\/media\/13666"}],"wp:attachment":[{"href":"https:\/\/shop.lilalom.com\/index.php\/wp-json\/wp\/v2\/media?parent=13278"}],"wp:term":[{"taxonomy":"product_cat","embeddable":true,"href":"https:\/\/shop.lilalom.com\/index.php\/wp-json\/wp\/v2\/product_cat?post=13278"},{"taxonomy":"product_tag","embeddable":true,"href":"https:\/\/shop.lilalom.com\/index.php\/wp-json\/wp\/v2\/product_tag?post=13278"}],"curies":[{"name":"wp","href":"https:\/\/api.w.org\/{rel}","templated":true}]}}