{"id":13448,"date":"2024-12-03T12:40:12","date_gmt":"2024-12-03T11:40:12","guid":{"rendered":"https:\/\/shop.lilalom.com\/?post_type=product&#038;p=13448"},"modified":"2024-12-03T13:18:49","modified_gmt":"2024-12-03T12:18:49","slug":"uhani-trikotne-oblike-bele-barve-z-blescicami","status":"publish","type":"product","link":"https:\/\/shop.lilalom.com\/index.php\/izdelek\/uhani-trikotne-oblike-bele-barve-z-blescicami\/","title":{"rendered":"Uhani trikotne oblike bele barve z ble\u0161\u010dicami"},"content":{"rendered":"<p>Dopolnite svojo prazni\u010dno garderobo z na\u0161imi elegantnimi uhani trikotne oblike, okra\u0161enimi z ble\u0161\u010dicami. Ti moderni uhani zdru\u017eujejo sodoben stil in prazni\u010dno vzdu\u0161je, kar jih naredi popoln dodatek za vsako prilo\u017enost.<\/p>\n<p><strong>Podrobnosti izdelka:<\/strong><\/p>\n<ul>\n<li><strong>Velikost uhanov:<\/strong> 7 mm, kar zagotavlja diskreten, a eleganten videz.<\/li>\n<li><strong>Material:<\/strong> Uhani so izdelani iz nerjave\u010dega jekla, kar zagotavlja trajnost, odpornost proti rji in varnost za ob\u010dutljivo ko\u017eo.<\/li>\n<\/ul>\n<p><strong>Zakaj izbrati na\u0161e trikotne uhane perla z ble\u0161\u010dicami?<\/strong><\/p>\n<ul>\n<li><strong>Sodoben dizajn:<\/strong> Trikotna oblika z ble\u0161\u010dicami prina\u0161a edinstven in eleganten videz, ki se prilega sodobnim modnim trendom.<\/li>\n<li><strong>Visokokakovostni materiali:<\/strong> Nerjave\u010de jeklo zagotavlja dolgotrajnost in hipo alergeno varnost za no\u0161enje.<\/li>\n<li><strong>Prazni\u010dno vzdu\u0161je:<\/strong> Ble\u0161\u010dice dodajajo prazni\u010dni pridih, zaradi \u010desar so ti uhani popolni za prazni\u010dne prilo\u017enosti ali vsakodnevno no\u0161enje.<\/li>\n<\/ul>\n<p>&nbsp;<\/p>\n","protected":false},"excerpt":{"rendered":"<p>Dopolnite svojo prazni\u010dno garderobo z na\u0161imi elegantnimi uhani trikotne oblike, okra\u0161enimi z ble\u0161\u010dicami. Ti moderni uhani zdru\u017eujejo sodoben stil in prazni\u010dno vzdu\u0161je, kar jih naredi popoln dodatek za vsako prilo\u017enost. Podrobnosti izdelka: Velikost uhanov: 7 mm, kar zagotavlja diskreten, a eleganten videz. Material: Uhani so izdelani iz nerjave\u010dega jekla, kar zagotavlja trajnost, odpornost proti rji [&hellip;]<\/p>\n","protected":false},"featured_media":13451,"comment_status":"open","ping_status":"closed","template":"","meta":{"_eb_attr":""},"product_cat":[198],"product_tag":[],"class_list":{"0":"post-13448","1":"product","2":"type-product","3":"status-publish","4":"has-post-thumbnail","6":"product_cat-klasicni-uhani","8":"first","9":"instock","10":"sold-individually","11":"purchasable","12":"product-type-simple"},"jetpack_sharing_enabled":true,"_links":{"self":[{"href":"https:\/\/shop.lilalom.com\/index.php\/wp-json\/wp\/v2\/product\/13448","targetHints":{"allow":["GET"]}}],"collection":[{"href":"https:\/\/shop.lilalom.com\/index.php\/wp-json\/wp\/v2\/product"}],"about":[{"href":"https:\/\/shop.lilalom.com\/index.php\/wp-json\/wp\/v2\/types\/product"}],"replies":[{"embeddable":true,"href":"https:\/\/shop.lilalom.com\/index.php\/wp-json\/wp\/v2\/comments?post=13448"}],"wp:featuredmedia":[{"embeddable":true,"href":"https:\/\/shop.lilalom.com\/index.php\/wp-json\/wp\/v2\/media\/13451"}],"wp:attachment":[{"href":"https:\/\/shop.lilalom.com\/index.php\/wp-json\/wp\/v2\/media?parent=13448"}],"wp:term":[{"taxonomy":"product_cat","embeddable":true,"href":"https:\/\/shop.lilalom.com\/index.php\/wp-json\/wp\/v2\/product_cat?post=13448"},{"taxonomy":"product_tag","embeddable":true,"href":"https:\/\/shop.lilalom.com\/index.php\/wp-json\/wp\/v2\/product_tag?post=13448"}],"curies":[{"name":"wp","href":"https:\/\/api.w.org\/{rel}","templated":true}]}}