{"id":13469,"date":"2024-12-04T14:33:43","date_gmt":"2024-12-04T13:33:43","guid":{"rendered":"https:\/\/shop.lilalom.com\/?post_type=product&#038;p=13469"},"modified":"2024-12-04T14:54:46","modified_gmt":"2024-12-04T13:54:46","slug":"ovalni-prstan-z-blescicami-v-svetlo-modrih-tonih","status":"publish","type":"product","link":"https:\/\/shop.lilalom.com\/index.php\/izdelek\/ovalni-prstan-z-blescicami-v-svetlo-modrih-tonih\/","title":{"rendered":"Ovalni prstan z ble\u0161\u010dicami v svetlo modrih tonih"},"content":{"rendered":"<p>Dodajte svoji zbirki nakita pridih elegance in sve\u017eine z na\u0161im ovalnim prstanom, obogatenim z ble\u0161\u010dicami v svetlo modrih tonih. Ta prstan zdru\u017euje prefinjenost in izstopajo\u010d videz, zaradi \u010desar je popoln za posebne prilo\u017enosti ali prazni\u010dne trenutke.<\/p>\n<p><strong>Podrobnosti izdelka:<\/strong><\/p>\n<ul>\n<li><strong>Obseg prstana:<\/strong> 16 mm, s prilagodljivo velikostjo, ki se lahko spreminja z upogibanjem, kar omogo\u010da udobno no\u0161enje.<\/li>\n<li><strong>Velikost ovala:<\/strong> 15 x 8 mm, kar prina\u0161a eleganco in subtilno prisotnost na va\u0161i roki.<\/li>\n<li><strong>Material:<\/strong> Prstan je iz nerjave\u010dega jekla, kar zagotavlja trajnost in odpornost proti rji, poleg tega pa so varni za ob\u010dutljivo ko\u017eo.<\/li>\n<\/ul>\n<p><strong>Zakaj izbrati na\u0161 ovalni prstan?<\/strong><\/p>\n<ul>\n<li><strong>Prefinjen dizajn:<\/strong> Svetlo modre ble\u0161\u010dice ustvarjajo \u010dudovit u\u010dinek, ki prstan spreminjajo v eleganten modni kos.<\/li>\n<li><strong>Prilagodljivost:<\/strong> Prstan je prilagodljiv, kar zagotavlja udobje in popolno prileganje razli\u010dnim velikostim prstov.<\/li>\n<li><strong>Vsakodnevna in prazni\u010dna eleganca:<\/strong> Ta prstan je idealen za vsakodnevno no\u0161enje ali posebne prilo\u017enosti, saj njegov prefinjen videz dopolnjuje vsak stil.<\/li>\n<\/ul>\n","protected":false},"excerpt":{"rendered":"<p>Dodajte svoji zbirki nakita pridih elegance in sve\u017eine z na\u0161im ovalnim prstanom, obogatenim z ble\u0161\u010dicami v svetlo modrih tonih. Ta prstan zdru\u017euje prefinjenost in izstopajo\u010d videz, zaradi \u010desar je popoln za posebne prilo\u017enosti ali prazni\u010dne trenutke. Podrobnosti izdelka: Obseg prstana: 16 mm, s prilagodljivo velikostjo, ki se lahko spreminja z upogibanjem, kar omogo\u010da udobno no\u0161enje. [&hellip;]<\/p>\n","protected":false},"featured_media":13471,"comment_status":"open","ping_status":"closed","template":"","meta":{"_eb_attr":""},"product_cat":[25],"product_tag":[],"class_list":{"0":"post-13469","1":"product","2":"type-product","3":"status-publish","4":"has-post-thumbnail","6":"product_cat-prstani","8":"first","9":"instock","10":"featured","11":"sold-individually","12":"purchasable","13":"product-type-simple"},"jetpack_sharing_enabled":true,"_links":{"self":[{"href":"https:\/\/shop.lilalom.com\/index.php\/wp-json\/wp\/v2\/product\/13469","targetHints":{"allow":["GET"]}}],"collection":[{"href":"https:\/\/shop.lilalom.com\/index.php\/wp-json\/wp\/v2\/product"}],"about":[{"href":"https:\/\/shop.lilalom.com\/index.php\/wp-json\/wp\/v2\/types\/product"}],"replies":[{"embeddable":true,"href":"https:\/\/shop.lilalom.com\/index.php\/wp-json\/wp\/v2\/comments?post=13469"}],"wp:featuredmedia":[{"embeddable":true,"href":"https:\/\/shop.lilalom.com\/index.php\/wp-json\/wp\/v2\/media\/13471"}],"wp:attachment":[{"href":"https:\/\/shop.lilalom.com\/index.php\/wp-json\/wp\/v2\/media?parent=13469"}],"wp:term":[{"taxonomy":"product_cat","embeddable":true,"href":"https:\/\/shop.lilalom.com\/index.php\/wp-json\/wp\/v2\/product_cat?post=13469"},{"taxonomy":"product_tag","embeddable":true,"href":"https:\/\/shop.lilalom.com\/index.php\/wp-json\/wp\/v2\/product_tag?post=13469"}],"curies":[{"name":"wp","href":"https:\/\/api.w.org\/{rel}","templated":true}]}}