{"id":13588,"date":"2024-12-11T17:54:18","date_gmt":"2024-12-11T16:54:18","guid":{"rendered":"https:\/\/shop.lilalom.com\/?post_type=product&#038;p=13588"},"modified":"2024-12-12T12:01:21","modified_gmt":"2024-12-12T11:01:21","slug":"vintage-ogrlica-z-cvetom-suhe-roze","status":"publish","type":"product","link":"https:\/\/shop.lilalom.com\/index.php\/izdelek\/vintage-ogrlica-z-cvetom-suhe-roze\/","title":{"rendered":"Vintage ogrlica z cvetom suhe ro\u017ee"},"content":{"rendered":"<p>Obogatite svoj stil z na\u0161o \u010dudovito vintage ogrlico, okra\u0161eno s cvetom suhe ro\u017ee. Ta edinstvena ogrlica zdru\u017euje naravno lepoto in vintage estetiko, zaradi \u010desar je popoln dodatek za posebne prilo\u017enosti ali vsakodnevno no\u0161enje.<\/p>\n<p><strong>Podrobnosti izdelka:<\/strong><\/p>\n<ul>\n<li><strong>Material ogrlice:<\/strong> Rjavo usnje, kar zagotavlja trajnost in udobje. Ekolo\u0161ka smola.<\/li>\n<li><strong>Kovinski deli:<\/strong> Izdelani iz nerjave\u010dega jekla, kar zagotavlja odpornost na rjo in dolgo \u017eivljenjsko dobo.<\/li>\n<li><strong>Medaljon:<\/strong> Izdelan iz medenine, kar dodaja vintage pridih.<\/li>\n<li><strong>Velikost medaljona:<\/strong> Celotna velikost je 65 mm, velikost sredice je 40 mm.<\/li>\n<li><strong>Dol\u017eina ogrlice:<\/strong> Pribli\u017eno 50 cm, z dodatnimi 3 cm kovinskega podalj\u0161ka za prilagodljivo dol\u017eino.<\/li>\n<\/ul>\n<p><strong>Zakaj izbrati na\u0161o vintage ogrlico?<\/strong><\/p>\n<ul>\n<li><strong>Unikatni dizajn:<\/strong> Cvet suhe ro\u017ee dodaja edinstven pridih in naravno lepoto.<\/li>\n<li><strong>Visokokakovostni materiali:<\/strong> Kombinacija usnja, nerjave\u010dega jekla in medenine zagotavlja trajnost in odpornost na obrabo.<\/li>\n<li><strong>Vsakodnevna in posebna eleganca:<\/strong> Ogrlica je primerna za vse prilo\u017enosti, saj njen prefinjen videz dopolnjuje vsak slog.<\/li>\n<\/ul>\n","protected":false},"excerpt":{"rendered":"<p>Obogatite svoj stil z na\u0161o \u010dudovito vintage ogrlico, okra\u0161eno s cvetom suhe ro\u017ee. Ta edinstvena ogrlica zdru\u017euje naravno lepoto in vintage estetiko, zaradi \u010desar je popoln dodatek za posebne prilo\u017enosti ali vsakodnevno no\u0161enje. Podrobnosti izdelka: Material ogrlice: Rjavo usnje, kar zagotavlja trajnost in udobje. Ekolo\u0161ka smola. Kovinski deli: Izdelani iz nerjave\u010dega jekla, kar zagotavlja odpornost [&hellip;]<\/p>\n","protected":false},"featured_media":13592,"comment_status":"open","ping_status":"closed","template":"","meta":{"_eb_attr":""},"product_cat":[23],"product_tag":[],"class_list":{"0":"post-13588","1":"product","2":"type-product","3":"status-publish","4":"has-post-thumbnail","6":"product_brand-lilalom","7":"product_cat-ogrlice","9":"first","10":"instock","11":"sold-individually","12":"purchasable","13":"product-type-simple"},"jetpack_sharing_enabled":true,"_links":{"self":[{"href":"https:\/\/shop.lilalom.com\/index.php\/wp-json\/wp\/v2\/product\/13588","targetHints":{"allow":["GET"]}}],"collection":[{"href":"https:\/\/shop.lilalom.com\/index.php\/wp-json\/wp\/v2\/product"}],"about":[{"href":"https:\/\/shop.lilalom.com\/index.php\/wp-json\/wp\/v2\/types\/product"}],"replies":[{"embeddable":true,"href":"https:\/\/shop.lilalom.com\/index.php\/wp-json\/wp\/v2\/comments?post=13588"}],"wp:featuredmedia":[{"embeddable":true,"href":"https:\/\/shop.lilalom.com\/index.php\/wp-json\/wp\/v2\/media\/13592"}],"wp:attachment":[{"href":"https:\/\/shop.lilalom.com\/index.php\/wp-json\/wp\/v2\/media?parent=13588"}],"wp:term":[{"taxonomy":"product_cat","embeddable":true,"href":"https:\/\/shop.lilalom.com\/index.php\/wp-json\/wp\/v2\/product_cat?post=13588"},{"taxonomy":"product_tag","embeddable":true,"href":"https:\/\/shop.lilalom.com\/index.php\/wp-json\/wp\/v2\/product_tag?post=13588"}],"curies":[{"name":"wp","href":"https:\/\/api.w.org\/{rel}","templated":true}]}}