{"id":13595,"date":"2024-12-12T12:02:12","date_gmt":"2024-12-12T11:02:12","guid":{"rendered":"https:\/\/shop.lilalom.com\/?post_type=product&#038;p=13595"},"modified":"2024-12-12T13:14:24","modified_gmt":"2024-12-12T12:14:24","slug":"klasicni-okrogli-uhani-z-blescicami-in-cvetovi-divjega-korena","status":"publish","type":"product","link":"https:\/\/shop.lilalom.com\/index.php\/izdelek\/klasicni-okrogli-uhani-z-blescicami-in-cvetovi-divjega-korena\/","title":{"rendered":"Klasi\u010dni okrogli uhani z ble\u0161\u010dicami in cvetovi divjega korena"},"content":{"rendered":"<p>Dodajte svoji zbirki nakita pridih naravne lepote s klasi\u010dnimi rde\u010dimi okroglimi uhani, okra\u0161enimi z ble\u0161\u010dicami in cvetovi divjega korena. Ti elegantni uhani zdru\u017eujejo ble\u0161\u010de\u010d videz in \u010dar narave, zaradi \u010desar so popolni za vse prilo\u017enosti.<\/p>\n<p><strong>Podrobnosti izdelka:<\/strong><\/p>\n<ul>\n<li><strong>Premer uhanov:<\/strong> Pribli\u017eno 16 mm, kar zagotavlja subtilno, a opazno prisotnost.<\/li>\n<li><strong>Material:<\/strong> Izdelani iz nerjave\u010dega jekla, kar zagotavlja trajnost in odpornost proti rji, poleg tega pa so varni za ob\u010dutljivo ko\u017eo.<\/li>\n<\/ul>\n<p><strong>Zakaj izbrati na\u0161e klasi\u010dne okrogle uhane?<\/strong><\/p>\n<ul>\n<li><strong>Unikatni dizajn:<\/strong> Kombinacija ble\u0161\u010dic in cvetov divjega korena dodaja edinstven pridih vsakemu videzu.<\/li>\n<li><strong>Visokokakovostni materiali:<\/strong> Nerjave\u010de jeklo zagotavlja dolgo \u017eivljenjsko dobo in varnost za no\u0161enje.<\/li>\n<li><strong>Vsakodnevna in posebna eleganca:<\/strong> Ti uhani so idealni tako za vsakodnevno no\u0161enje kot za posebne prilo\u017enosti, saj njihov prefinjen videz dopolnjuje vsak slog.<\/li>\n<\/ul>\n","protected":false},"excerpt":{"rendered":"<p>Dodajte svoji zbirki nakita pridih naravne lepote s klasi\u010dnimi rde\u010dimi okroglimi uhani, okra\u0161enimi z ble\u0161\u010dicami in cvetovi divjega korena. Ti elegantni uhani zdru\u017eujejo ble\u0161\u010de\u010d videz in \u010dar narave, zaradi \u010desar so popolni za vse prilo\u017enosti. Podrobnosti izdelka: Premer uhanov: Pribli\u017eno 16 mm, kar zagotavlja subtilno, a opazno prisotnost. Material: Izdelani iz nerjave\u010dega jekla, kar zagotavlja [&hellip;]<\/p>\n","protected":false},"featured_media":13596,"comment_status":"open","ping_status":"closed","template":"","meta":{"_eb_attr":""},"product_cat":[198],"product_tag":[],"class_list":{"0":"post-13595","1":"product","2":"type-product","3":"status-publish","4":"has-post-thumbnail","6":"product_cat-klasicni-uhani","8":"first","9":"instock","10":"sold-individually","11":"purchasable","12":"product-type-simple"},"jetpack_sharing_enabled":true,"_links":{"self":[{"href":"https:\/\/shop.lilalom.com\/index.php\/wp-json\/wp\/v2\/product\/13595","targetHints":{"allow":["GET"]}}],"collection":[{"href":"https:\/\/shop.lilalom.com\/index.php\/wp-json\/wp\/v2\/product"}],"about":[{"href":"https:\/\/shop.lilalom.com\/index.php\/wp-json\/wp\/v2\/types\/product"}],"replies":[{"embeddable":true,"href":"https:\/\/shop.lilalom.com\/index.php\/wp-json\/wp\/v2\/comments?post=13595"}],"wp:featuredmedia":[{"embeddable":true,"href":"https:\/\/shop.lilalom.com\/index.php\/wp-json\/wp\/v2\/media\/13596"}],"wp:attachment":[{"href":"https:\/\/shop.lilalom.com\/index.php\/wp-json\/wp\/v2\/media?parent=13595"}],"wp:term":[{"taxonomy":"product_cat","embeddable":true,"href":"https:\/\/shop.lilalom.com\/index.php\/wp-json\/wp\/v2\/product_cat?post=13595"},{"taxonomy":"product_tag","embeddable":true,"href":"https:\/\/shop.lilalom.com\/index.php\/wp-json\/wp\/v2\/product_tag?post=13595"}],"curies":[{"name":"wp","href":"https:\/\/api.w.org\/{rel}","templated":true}]}}