{"id":13600,"date":"2024-12-12T13:15:49","date_gmt":"2024-12-12T12:15:49","guid":{"rendered":"https:\/\/shop.lilalom.com\/?post_type=product&#038;p=13600"},"modified":"2025-01-22T14:44:05","modified_gmt":"2025-01-22T13:44:05","slug":"transparentno-rdeci-uhani-z-cvetovi-divjega-korena","status":"publish","type":"product","link":"https:\/\/shop.lilalom.com\/index.php\/izdelek\/transparentno-rdeci-uhani-z-cvetovi-divjega-korena\/","title":{"rendered":"Transparentno rde\u010di uhani z cvetovi divjega korena"},"content":{"rendered":"<p>Dodajte pridih naravne lepote in prefinjenosti svoji zbirki nakita s transparentno rde\u010dimi uhani, okra\u0161enimi s cvetovi divjega korena. Ti uhani zdru\u017eujejo \u017eivahne barve in naravno estetiko, zaradi \u010desar so popolni za vsako prilo\u017enost.<\/p>\n<p><strong>Podrobnosti izdelka:<\/strong><\/p>\n<ul>\n<li><strong>Velikost uhanov:<\/strong> 12 mm, kar zagotavlja subtilno, a opazno prisotnost.<\/li>\n<li><strong>Material:<\/strong> Izdelani iz nerjave\u010dega jekla, kar zagotavlja trajnost in odpornost proti rji, poleg tega pa so varni za ob\u010dutljivo ko\u017eo.<\/li>\n<\/ul>\n<p><strong>Zakaj izbrati na\u0161e transparentno rde\u010de uhane?<\/strong><\/p>\n<ul>\n<li><strong>Unikatni dizajn:<\/strong> Transparentno rde\u010di uhani z vklju\u010denimi cvetovi divjega korena prina\u0161ajo naravno lepoto in edinstven pridih vsakemu videzu.<\/li>\n<li><strong>Visokokakovostni materiali:<\/strong> Nerjave\u010de jeklo zagotavlja dolgotrajnost in varnost za no\u0161enje.<\/li>\n<li><strong>Vsakodnevna in posebna eleganca:<\/strong> Ti uhani so idealni tako za vsakodnevno no\u0161enje kot za posebne prilo\u017enosti, saj njihov prefinjen videz dopolnjuje vsak slog.<\/li>\n<\/ul>\n","protected":false},"excerpt":{"rendered":"<p>Dodajte pridih naravne lepote in prefinjenosti svoji zbirki nakita s transparentno rde\u010dimi uhani, okra\u0161enimi s cvetovi divjega korena. Ti uhani zdru\u017eujejo \u017eivahne barve in naravno estetiko, zaradi \u010desar so popolni za vsako prilo\u017enost. Podrobnosti izdelka: Velikost uhanov: 12 mm, kar zagotavlja subtilno, a opazno prisotnost. Material: Izdelani iz nerjave\u010dega jekla, kar zagotavlja trajnost in odpornost [&hellip;]<\/p>\n","protected":false},"featured_media":13604,"comment_status":"open","ping_status":"closed","template":"","meta":{"_eb_attr":""},"product_cat":[216,198],"product_tag":[],"class_list":{"0":"post-13600","1":"product","2":"type-product","3":"status-publish","4":"has-post-thumbnail","6":"product_cat-danzena","7":"product_cat-klasicni-uhani","9":"first","10":"instock","11":"sold-individually","12":"purchasable","13":"product-type-simple"},"jetpack_sharing_enabled":true,"_links":{"self":[{"href":"https:\/\/shop.lilalom.com\/index.php\/wp-json\/wp\/v2\/product\/13600","targetHints":{"allow":["GET"]}}],"collection":[{"href":"https:\/\/shop.lilalom.com\/index.php\/wp-json\/wp\/v2\/product"}],"about":[{"href":"https:\/\/shop.lilalom.com\/index.php\/wp-json\/wp\/v2\/types\/product"}],"replies":[{"embeddable":true,"href":"https:\/\/shop.lilalom.com\/index.php\/wp-json\/wp\/v2\/comments?post=13600"}],"wp:featuredmedia":[{"embeddable":true,"href":"https:\/\/shop.lilalom.com\/index.php\/wp-json\/wp\/v2\/media\/13604"}],"wp:attachment":[{"href":"https:\/\/shop.lilalom.com\/index.php\/wp-json\/wp\/v2\/media?parent=13600"}],"wp:term":[{"taxonomy":"product_cat","embeddable":true,"href":"https:\/\/shop.lilalom.com\/index.php\/wp-json\/wp\/v2\/product_cat?post=13600"},{"taxonomy":"product_tag","embeddable":true,"href":"https:\/\/shop.lilalom.com\/index.php\/wp-json\/wp\/v2\/product_tag?post=13600"}],"curies":[{"name":"wp","href":"https:\/\/api.w.org\/{rel}","templated":true}]}}