{"id":13605,"date":"2024-12-13T10:14:50","date_gmt":"2024-12-13T09:14:50","guid":{"rendered":"https:\/\/shop.lilalom.com\/?post_type=product&#038;p=13605"},"modified":"2025-01-22T14:43:53","modified_gmt":"2025-01-22T13:43:53","slug":"zapestnica-z-srcki-in-srebrnimi-blescicami","status":"publish","type":"product","link":"https:\/\/shop.lilalom.com\/index.php\/izdelek\/zapestnica-z-srcki-in-srebrnimi-blescicami\/","title":{"rendered":"Zapestnica z sr\u010dki in srebrnimi ble\u0161\u010dicami"},"content":{"rendered":"<p>Dodajte \u010dar in eleganco svoji zbirki nakita z na\u0161o prefinjeno zapestnico, okra\u0161eno s sr\u010dki in srebrnimi ble\u0161\u010dicami. Ta zapestnica je popolna izbira za vse, ki i\u0161\u010dejo eleganten in privla\u010den dodatek, primeren za vsakodnevno no\u0161enje ali posebne prilo\u017enosti.<\/p>\n<p><strong>Podrobnosti izdelka:<\/strong><\/p>\n<ul>\n<li><strong>Dol\u017eina zapestnice:<\/strong> 16 cm, z dodatnim 3,5 cm podalj\u0161kom za prilagodljivo dol\u017eino.<\/li>\n<li><strong>Velikost medaljona:<\/strong> 14 mm, kar ustvarja subtilen in eleganten osrednji kos.<\/li>\n<li><strong>Material:<\/strong> Zapestnica je izdelana iz nerjave\u010dega jekla, kar zagotavlja trajnost in odpornost proti rji, ter je varna za ob\u010dutljivo ko\u017eo.<\/li>\n<\/ul>\n<p><strong>Zakaj izbrati na\u0161o zapestnico s sr\u010dki in ble\u0161\u010dicami?<\/strong><\/p>\n<ul>\n<li><strong>Unikatni dizajn:<\/strong> Sr\u010dki in srebrne ble\u0161\u010dice dodajajo iskrico in eleganco, kar prina\u0161a \u010darobni pridih vsakemu videzu.<\/li>\n<li><strong>Visokokakovostni materiali:<\/strong> Nerjave\u010de jeklo zagotavlja dolgo \u017eivljenjsko dobo in varnost za no\u0161enje.<\/li>\n<li><strong>Vsakodnevna in posebna eleganca:<\/strong> Ta zapestnica je idealna tako za vsakodnevno no\u0161enje kot za posebne prilo\u017enosti, saj njen prefinjen videz dopolnjuje vsak slog.<\/li>\n<\/ul>\n","protected":false},"excerpt":{"rendered":"<p>Dodajte \u010dar in eleganco svoji zbirki nakita z na\u0161o prefinjeno zapestnico, okra\u0161eno s sr\u010dki in srebrnimi ble\u0161\u010dicami. Ta zapestnica je popolna izbira za vse, ki i\u0161\u010dejo eleganten in privla\u010den dodatek, primeren za vsakodnevno no\u0161enje ali posebne prilo\u017enosti. Podrobnosti izdelka: Dol\u017eina zapestnice: 16 cm, z dodatnim 3,5 cm podalj\u0161kom za prilagodljivo dol\u017eino. Velikost medaljona: 14 mm, [&hellip;]<\/p>\n","protected":false},"featured_media":13607,"comment_status":"open","ping_status":"closed","template":"","meta":{"_eb_attr":""},"product_cat":[216,24],"product_tag":[],"class_list":{"0":"post-13605","1":"product","2":"type-product","3":"status-publish","4":"has-post-thumbnail","6":"product_cat-danzena","7":"product_cat-zapestnice","9":"first","10":"instock","11":"sold-individually","12":"purchasable","13":"product-type-simple"},"jetpack_sharing_enabled":true,"_links":{"self":[{"href":"https:\/\/shop.lilalom.com\/index.php\/wp-json\/wp\/v2\/product\/13605","targetHints":{"allow":["GET"]}}],"collection":[{"href":"https:\/\/shop.lilalom.com\/index.php\/wp-json\/wp\/v2\/product"}],"about":[{"href":"https:\/\/shop.lilalom.com\/index.php\/wp-json\/wp\/v2\/types\/product"}],"replies":[{"embeddable":true,"href":"https:\/\/shop.lilalom.com\/index.php\/wp-json\/wp\/v2\/comments?post=13605"}],"wp:featuredmedia":[{"embeddable":true,"href":"https:\/\/shop.lilalom.com\/index.php\/wp-json\/wp\/v2\/media\/13607"}],"wp:attachment":[{"href":"https:\/\/shop.lilalom.com\/index.php\/wp-json\/wp\/v2\/media?parent=13605"}],"wp:term":[{"taxonomy":"product_cat","embeddable":true,"href":"https:\/\/shop.lilalom.com\/index.php\/wp-json\/wp\/v2\/product_cat?post=13605"},{"taxonomy":"product_tag","embeddable":true,"href":"https:\/\/shop.lilalom.com\/index.php\/wp-json\/wp\/v2\/product_tag?post=13605"}],"curies":[{"name":"wp","href":"https:\/\/api.w.org\/{rel}","templated":true}]}}