{"id":13610,"date":"2024-12-14T11:31:50","date_gmt":"2024-12-14T10:31:50","guid":{"rendered":"https:\/\/shop.lilalom.com\/?post_type=product&#038;p=13610"},"modified":"2024-12-14T11:50:25","modified_gmt":"2024-12-14T10:50:25","slug":"transparentni-obesek-z-travniskimi-rastlinami","status":"publish","type":"product","link":"https:\/\/shop.lilalom.com\/index.php\/izdelek\/transparentni-obesek-z-travniskimi-rastlinami\/","title":{"rendered":"Transparentni obesek z travni\u0161kimi rastlinami"},"content":{"rendered":"<p>Prinesite pridih narave povsod s seboj z na\u0161im transparentnim obeskom, okra\u0161enim s travni\u0161kimi rastlinami. Ta unikatni obesek je popoln za dodajanje \u010darobnosti va\u0161im klju\u010dem ali torbici, s \u010dimer prina\u0161a naravno lepoto v va\u0161 vsakdan.<\/p>\n<p><strong>Podrobnosti izdelka:<\/strong><\/p>\n<ul>\n<li><strong>Velikost obeska:<\/strong> 4 cm, kar zagotavlja subtilno, a opazno prisotnost.<\/li>\n<li><strong>Material:<\/strong> Vsi deli so iz nerjave\u010dega jekla, kar zagotavlja trajnost in odpornost proti rji, ter varnost za ob\u010dutljivo ko\u017eo.<\/li>\n<li><strong>Uporaba:<\/strong> Primeren za klju\u010de ali torbico, kar omogo\u010da enostavno prena\u0161anje in dekoracijo va\u0161ih osebnih predmetov.<\/li>\n<\/ul>\n<p><strong>Zakaj izbrati na\u0161 transparentni obesek?<\/strong><\/p>\n<ul>\n<li><strong>Naravna lepota:<\/strong> Travni\u0161ke rastline v transparentnem obesku prina\u0161ajo kan\u010dek narave kamorkoli greste.<\/li>\n<li><strong>Visokokakovostni materiali:<\/strong> Nerjave\u010de jeklo zagotavlja dolgotrajnost in varnost za no\u0161enje.<\/li>\n<li><strong>Vsakodnevna in posebna eleganca:<\/strong> Ta obesek je idealen tako za vsakodnevno uporabo kot za dodajanje posebnega pridiha va\u0161im najljub\u0161im predmetom.<\/li>\n<\/ul>\n","protected":false},"excerpt":{"rendered":"<p>Prinesite pridih narave povsod s seboj z na\u0161im transparentnim obeskom, okra\u0161enim s travni\u0161kimi rastlinami. Ta unikatni obesek je popoln za dodajanje \u010darobnosti va\u0161im klju\u010dem ali torbici, s \u010dimer prina\u0161a naravno lepoto v va\u0161 vsakdan. Podrobnosti izdelka: Velikost obeska: 4 cm, kar zagotavlja subtilno, a opazno prisotnost. Material: Vsi deli so iz nerjave\u010dega jekla, kar zagotavlja [&hellip;]<\/p>\n","protected":false},"featured_media":13613,"comment_status":"open","ping_status":"closed","template":"","meta":{"_eb_attr":""},"product_cat":[46],"product_tag":[],"class_list":{"0":"post-13610","1":"product","2":"type-product","3":"status-publish","4":"has-post-thumbnail","6":"product_brand-lilalom","7":"product_cat-obeski-za-kjuce","9":"first","10":"instock","11":"sold-individually","12":"purchasable","13":"product-type-simple"},"jetpack_sharing_enabled":true,"_links":{"self":[{"href":"https:\/\/shop.lilalom.com\/index.php\/wp-json\/wp\/v2\/product\/13610","targetHints":{"allow":["GET"]}}],"collection":[{"href":"https:\/\/shop.lilalom.com\/index.php\/wp-json\/wp\/v2\/product"}],"about":[{"href":"https:\/\/shop.lilalom.com\/index.php\/wp-json\/wp\/v2\/types\/product"}],"replies":[{"embeddable":true,"href":"https:\/\/shop.lilalom.com\/index.php\/wp-json\/wp\/v2\/comments?post=13610"}],"wp:featuredmedia":[{"embeddable":true,"href":"https:\/\/shop.lilalom.com\/index.php\/wp-json\/wp\/v2\/media\/13613"}],"wp:attachment":[{"href":"https:\/\/shop.lilalom.com\/index.php\/wp-json\/wp\/v2\/media?parent=13610"}],"wp:term":[{"taxonomy":"product_cat","embeddable":true,"href":"https:\/\/shop.lilalom.com\/index.php\/wp-json\/wp\/v2\/product_cat?post=13610"},{"taxonomy":"product_tag","embeddable":true,"href":"https:\/\/shop.lilalom.com\/index.php\/wp-json\/wp\/v2\/product_tag?post=13610"}],"curies":[{"name":"wp","href":"https:\/\/api.w.org\/{rel}","templated":true}]}}