{"id":13615,"date":"2024-12-14T12:38:35","date_gmt":"2024-12-14T11:38:35","guid":{"rendered":"https:\/\/shop.lilalom.com\/?post_type=product&#038;p=13615"},"modified":"2025-01-22T14:43:06","modified_gmt":"2025-01-22T13:43:06","slug":"prstan-magicno-vijolicne-barve-z-blescicami","status":"publish","type":"product","link":"https:\/\/shop.lilalom.com\/index.php\/izdelek\/prstan-magicno-vijolicne-barve-z-blescicami\/","title":{"rendered":"Prstan magi\u010dno vijoli\u010dne barve z ble\u0161\u010dicami"},"content":{"rendered":"<p>Odkrijte \u010darobnost z na\u0161im prstanom magi\u010dno vijoli\u010dne barve, okra\u0161enim z ble\u0161\u010dicami. Ta eleganten prstan v obliki srca je popoln dodatek za prazni\u010dno sezono ali kot posebno darilo za ljubljeno osebo.<\/p>\n<p><strong>Podrobnosti izdelka:<\/strong><\/p>\n<ul>\n<li><strong>Obseg prstana:<\/strong> 16 mm, s prilagodljivostjo, ki omogo\u010da udobno no\u0161enje za razli\u010dne velikosti prstov.<\/li>\n<li><strong>Velikost okrasa:<\/strong> 12 mm, srce v elegantni obliki, ki prina\u0161a pridih romanti\u010dnosti in prefinjenosti.<\/li>\n<li><strong>Material:<\/strong> Prstan je izdelan iz nerjave\u010dega jekla, kar zagotavlja trajnost in odpornost proti rji, ter je varen za ob\u010dutljivo ko\u017eo.<\/li>\n<\/ul>\n<p><strong>Zakaj izbrati na\u0161 prstan?<\/strong><\/p>\n<ul>\n<li><strong>\u010carobni dizajn:<\/strong> Vijoli\u010dne ble\u0161\u010dice dodajo prstanu magi\u010den in o\u010darljiv videz.<\/li>\n<li><strong>Prilagodljivost:<\/strong> Rastegljiv prstan zagotavlja udobje in popolno prileganje razli\u010dnim velikostim prstov.<\/li>\n<li><strong>Idealno darilo: <\/strong>Ta prstan je odli\u010dna izbira za praznike ali posebne prilo\u017enosti, saj bo zagotovo o\u010daral vsakogar, ki ga prejme.<\/li>\n<\/ul>\n","protected":false},"excerpt":{"rendered":"<p>Odkrijte \u010darobnost z na\u0161im prstanom magi\u010dno vijoli\u010dne barve, okra\u0161enim z ble\u0161\u010dicami. Ta eleganten prstan v obliki srca je popoln dodatek za prazni\u010dno sezono ali kot posebno darilo za ljubljeno osebo. Podrobnosti izdelka: Obseg prstana: 16 mm, s prilagodljivostjo, ki omogo\u010da udobno no\u0161enje za razli\u010dne velikosti prstov. Velikost okrasa: 12 mm, srce v elegantni obliki, ki [&hellip;]<\/p>\n","protected":false},"featured_media":13617,"comment_status":"open","ping_status":"closed","template":"","meta":{"_eb_attr":""},"product_cat":[216,25],"product_tag":[],"class_list":{"0":"post-13615","1":"product","2":"type-product","3":"status-publish","4":"has-post-thumbnail","6":"product_brand-lilalom","7":"product_cat-danzena","8":"product_cat-prstani","10":"first","11":"instock","12":"sale","13":"sold-individually","14":"purchasable","15":"product-type-simple"},"jetpack_sharing_enabled":true,"_links":{"self":[{"href":"https:\/\/shop.lilalom.com\/index.php\/wp-json\/wp\/v2\/product\/13615","targetHints":{"allow":["GET"]}}],"collection":[{"href":"https:\/\/shop.lilalom.com\/index.php\/wp-json\/wp\/v2\/product"}],"about":[{"href":"https:\/\/shop.lilalom.com\/index.php\/wp-json\/wp\/v2\/types\/product"}],"replies":[{"embeddable":true,"href":"https:\/\/shop.lilalom.com\/index.php\/wp-json\/wp\/v2\/comments?post=13615"}],"wp:featuredmedia":[{"embeddable":true,"href":"https:\/\/shop.lilalom.com\/index.php\/wp-json\/wp\/v2\/media\/13617"}],"wp:attachment":[{"href":"https:\/\/shop.lilalom.com\/index.php\/wp-json\/wp\/v2\/media?parent=13615"}],"wp:term":[{"taxonomy":"product_cat","embeddable":true,"href":"https:\/\/shop.lilalom.com\/index.php\/wp-json\/wp\/v2\/product_cat?post=13615"},{"taxonomy":"product_tag","embeddable":true,"href":"https:\/\/shop.lilalom.com\/index.php\/wp-json\/wp\/v2\/product_tag?post=13615"}],"curies":[{"name":"wp","href":"https:\/\/api.w.org\/{rel}","templated":true}]}}