{"id":13619,"date":"2024-12-14T15:01:12","date_gmt":"2024-12-14T14:01:12","guid":{"rendered":"https:\/\/shop.lilalom.com\/?post_type=product&#038;p=13619"},"modified":"2024-12-14T22:11:38","modified_gmt":"2024-12-14T21:11:38","slug":"ovalni-prstan-magicno-vijolicne-barve-z-kameleon-blescicami","status":"publish","type":"product","link":"https:\/\/shop.lilalom.com\/index.php\/izdelek\/ovalni-prstan-magicno-vijolicne-barve-z-kameleon-blescicami\/","title":{"rendered":"Ovalni prstan vijoli\u010dne barve z kameleon ble\u0161\u010dicami"},"content":{"rendered":"<p>Pritegnite pozornost s tem \u010darobnim ovalnim prstanom v magi\u010dno vijoli\u010dni barvi, okra\u0161enim s kameleon ble\u0161\u010dicami. Te ble\u0161\u010dice spreminjajo barvo glede na kot svetlobe, kar ustvarja \u010daroben in o\u010darljiv videz, ki je popoln za vsakodnevno no\u0161enje ali posebne prilo\u017enosti.<\/p>\n<p><strong>Podrobnosti izdelka:<\/strong><\/p>\n<ul>\n<li><strong>Obseg prstana:<\/strong> 16 mm, s prilagodljivo velikostjo, ki omogo\u010da udobno no\u0161enje.<\/li>\n<li><strong>Velikost ovala:<\/strong> 15 x 8 mm, kar prina\u0161a eleganco in subtilno prisotnost na va\u0161i roki.<\/li>\n<li><strong>Material:<\/strong> Prstan je izdelan iz nerjave\u010dega jekla, kar zagotavlja trajnost in odpornost proti rji, ter je varen za ob\u010dutljivo ko\u017eo.<\/li>\n<\/ul>\n<p><strong>Zakaj izbrati na\u0161 ovalni prstan?<\/strong><\/p>\n<ul>\n<li><strong>\u010carobni dizajn:<\/strong> Kameleon ble\u0161\u010dice dodajo prstanu edinstven in o\u010darljiv videz, ki spreminja barvo pod razli\u010dnimi koti svetlobe.<\/li>\n<li><strong>Prilagodljivost:<\/strong> Prstan je prilagodljiv, kar zagotavlja udobje in popolno prileganje razli\u010dnim velikostim prstov.<\/li>\n<li><strong>Vsakodnevna in posebna eleganca:<\/strong><\/li>\n<\/ul>\n","protected":false},"excerpt":{"rendered":"<p>Pritegnite pozornost s tem \u010darobnim ovalnim prstanom v magi\u010dno vijoli\u010dni barvi, okra\u0161enim s kameleon ble\u0161\u010dicami. Te ble\u0161\u010dice spreminjajo barvo glede na kot svetlobe, kar ustvarja \u010daroben in o\u010darljiv videz, ki je popoln za vsakodnevno no\u0161enje ali posebne prilo\u017enosti. Podrobnosti izdelka: Obseg prstana: 16 mm, s prilagodljivo velikostjo, ki omogo\u010da udobno no\u0161enje. Velikost ovala: 15 x [&hellip;]<\/p>\n","protected":false},"featured_media":13622,"comment_status":"open","ping_status":"closed","template":"","meta":{"_eb_attr":""},"product_cat":[25],"product_tag":[],"class_list":{"0":"post-13619","1":"product","2":"type-product","3":"status-publish","4":"has-post-thumbnail","6":"product_cat-prstani","8":"first","9":"instock","10":"sold-individually","11":"purchasable","12":"product-type-simple"},"jetpack_sharing_enabled":true,"_links":{"self":[{"href":"https:\/\/shop.lilalom.com\/index.php\/wp-json\/wp\/v2\/product\/13619","targetHints":{"allow":["GET"]}}],"collection":[{"href":"https:\/\/shop.lilalom.com\/index.php\/wp-json\/wp\/v2\/product"}],"about":[{"href":"https:\/\/shop.lilalom.com\/index.php\/wp-json\/wp\/v2\/types\/product"}],"replies":[{"embeddable":true,"href":"https:\/\/shop.lilalom.com\/index.php\/wp-json\/wp\/v2\/comments?post=13619"}],"wp:featuredmedia":[{"embeddable":true,"href":"https:\/\/shop.lilalom.com\/index.php\/wp-json\/wp\/v2\/media\/13622"}],"wp:attachment":[{"href":"https:\/\/shop.lilalom.com\/index.php\/wp-json\/wp\/v2\/media?parent=13619"}],"wp:term":[{"taxonomy":"product_cat","embeddable":true,"href":"https:\/\/shop.lilalom.com\/index.php\/wp-json\/wp\/v2\/product_cat?post=13619"},{"taxonomy":"product_tag","embeddable":true,"href":"https:\/\/shop.lilalom.com\/index.php\/wp-json\/wp\/v2\/product_tag?post=13619"}],"curies":[{"name":"wp","href":"https:\/\/api.w.org\/{rel}","templated":true}]}}