{"id":13624,"date":"2024-12-14T15:11:34","date_gmt":"2024-12-14T14:11:34","guid":{"rendered":"https:\/\/shop.lilalom.com\/?post_type=product&#038;p=13624"},"modified":"2024-12-14T15:45:18","modified_gmt":"2024-12-14T14:45:18","slug":"transparentna-ogrlica-iz-poldragih-kamnov-izdelana-po-cakrah","status":"publish","type":"product","link":"https:\/\/shop.lilalom.com\/index.php\/izdelek\/transparentna-ogrlica-iz-poldragih-kamnov-izdelana-po-cakrah\/","title":{"rendered":"Transparentna ogrlica iz poldragih kamnov izdelana po \u010dakrah"},"content":{"rendered":"<p>Izpopolnite svojo zbirko nakita z na\u0161o transparentno ogrlico, ki vsebuje poldrage kamne, razporejene po \u010dakrah. Ta \u010dudovita ogrlica zdru\u017euje naravno lepoto in holisti\u010dno energijo, zaradi \u010desar je popolna za vsakodnevno no\u0161enje ali posebne prilo\u017enosti.<\/p>\n<p><strong>Podrobnosti izdelka:<\/strong><\/p>\n<ul>\n<li><strong>Dol\u017eina ogrlice:<\/strong> 46 cm, z dodatnim 3 cm jeklenim podalj\u0161kom za prilagodljivo dol\u017eino.<\/li>\n<li><strong>Material ogrlice:<\/strong> Rjavo usnje, kar zagotavlja trajnost in udobje.<\/li>\n<li><strong>Kovinski deli:<\/strong> Izdelani iz nerjave\u010dega jekla, kar zagotavlja odpornost na rjo in dolgo \u017eivljenjsko dobo.<\/li>\n<li><strong>Poldragi kamni:<\/strong> Transparentna ogrlica vsebuje kamne razporejene po \u010dakrah: granat, karneol, tigrovo oko, aventurin, lapis lazuli, ametist in kamena strela, ki prina\u0161ajo ravnovesje in harmonijo.<\/li>\n<\/ul>\n<p><strong>Zakaj izbrati na\u0161o ogrlico?<\/strong><\/p>\n<ul>\n<li><strong>Naravna lepota:<\/strong> Poldragi kamni prina\u0161ajo \u010dudovit pridih naravne lepote in holisti\u010dne energije.<\/li>\n<li><strong>Visokokakovostni materiali:<\/strong> Kombinacija usnja in nerjave\u010dega jekla zagotavlja trajnost in odpornost na obrabo.<\/li>\n<li><strong>Eleganten dizajn:<\/strong> Ogrlica zdru\u017euje naravno lepoto in eleganco, zaradi \u010desar je primerna za vsakodnevno no\u0161enje ali posebne prilo\u017enosti.<\/li>\n<\/ul>\n","protected":false},"excerpt":{"rendered":"<p>Izpopolnite svojo zbirko nakita z na\u0161o transparentno ogrlico, ki vsebuje poldrage kamne, razporejene po \u010dakrah. Ta \u010dudovita ogrlica zdru\u017euje naravno lepoto in holisti\u010dno energijo, zaradi \u010desar je popolna za vsakodnevno no\u0161enje ali posebne prilo\u017enosti. Podrobnosti izdelka: Dol\u017eina ogrlice: 46 cm, z dodatnim 3 cm jeklenim podalj\u0161kom za prilagodljivo dol\u017eino. Material ogrlice: Rjavo usnje, kar zagotavlja [&hellip;]<\/p>\n","protected":false},"featured_media":13628,"comment_status":"open","ping_status":"closed","template":"","meta":{"_eb_attr":""},"product_cat":[23],"product_tag":[],"class_list":{"0":"post-13624","1":"product","2":"type-product","3":"status-publish","4":"has-post-thumbnail","6":"product_cat-ogrlice","8":"first","9":"instock","10":"sold-individually","11":"purchasable","12":"product-type-simple"},"jetpack_sharing_enabled":true,"_links":{"self":[{"href":"https:\/\/shop.lilalom.com\/index.php\/wp-json\/wp\/v2\/product\/13624","targetHints":{"allow":["GET"]}}],"collection":[{"href":"https:\/\/shop.lilalom.com\/index.php\/wp-json\/wp\/v2\/product"}],"about":[{"href":"https:\/\/shop.lilalom.com\/index.php\/wp-json\/wp\/v2\/types\/product"}],"replies":[{"embeddable":true,"href":"https:\/\/shop.lilalom.com\/index.php\/wp-json\/wp\/v2\/comments?post=13624"}],"wp:featuredmedia":[{"embeddable":true,"href":"https:\/\/shop.lilalom.com\/index.php\/wp-json\/wp\/v2\/media\/13628"}],"wp:attachment":[{"href":"https:\/\/shop.lilalom.com\/index.php\/wp-json\/wp\/v2\/media?parent=13624"}],"wp:term":[{"taxonomy":"product_cat","embeddable":true,"href":"https:\/\/shop.lilalom.com\/index.php\/wp-json\/wp\/v2\/product_cat?post=13624"},{"taxonomy":"product_tag","embeddable":true,"href":"https:\/\/shop.lilalom.com\/index.php\/wp-json\/wp\/v2\/product_tag?post=13624"}],"curies":[{"name":"wp","href":"https:\/\/api.w.org\/{rel}","templated":true}]}}