{"id":13630,"date":"2024-12-14T16:01:50","date_gmt":"2024-12-14T15:01:50","guid":{"rendered":"https:\/\/shop.lilalom.com\/?post_type=product&#038;p=13630"},"modified":"2025-02-08T12:16:02","modified_gmt":"2025-02-08T11:16:02","slug":"preznicni-zeleni-uhani-na-klips-z-blescicami","status":"publish","type":"product","link":"https:\/\/shop.lilalom.com\/index.php\/izdelek\/preznicni-zeleni-uhani-na-klips-z-blescicami\/","title":{"rendered":"Prazni\u010dni zeleni uhani na klips z ble\u0161\u010dicami"},"content":{"rendered":"<p>Popestrite svoj prazni\u010dni videz z na\u0161imi \u010dudovitimi zelenimi uhani na klips, okra\u0161enimi z ble\u0161\u010dicami. Ti uhani so popoln dodatek za prazni\u010dne prilo\u017enosti, saj prina\u0161ajo iskrico in eleganco va\u0161emu videzu.<\/p>\n<p><strong>Podrobnosti izdelka:<\/strong><\/p>\n<ul>\n<li><strong>Premer uhanov:<\/strong> 14 mm, kar zagotavlja subtilno, a opazno prisotnost.<\/li>\n<li><strong>Material:<\/strong> Izdelani iz nerjave\u010dega jekla, kar zagotavlja trajnost in odpornost proti rji, ter so varni za ob\u010dutljivo ko\u017eo.<\/li>\n<li><strong>Zapiralo:<\/strong> Uhani imajo zapiralo na klips, kar omogo\u010da enostavno no\u0161enje in udobje.<\/li>\n<\/ul>\n<p><strong>Zakaj izbrati na\u0161e prazni\u010dne zelene uhane?<\/strong><\/p>\n<ul>\n<li><strong>Festivni dizajn:<\/strong> Zeleni uhani z ble\u0161\u010dicami dodajo prazni\u010dni pridih in \u010dar va\u0161emu videzu.<\/li>\n<li><strong>Visokokakovostni materiali:<\/strong> Nerjave\u010de jeklo zagotavlja dolgo \u017eivljenjsko dobo in varnost za no\u0161enje.<\/li>\n<li><strong>Enostavno no\u0161enje:<\/strong> Zapiralo na klips omogo\u010da enostavno in udobno no\u0161enje za vse.<\/li>\n<\/ul>\n","protected":false},"excerpt":{"rendered":"<p>Popestrite svoj prazni\u010dni videz z na\u0161imi \u010dudovitimi zelenimi uhani na klips, okra\u0161enimi z ble\u0161\u010dicami. Ti uhani so popoln dodatek za prazni\u010dne prilo\u017enosti, saj prina\u0161ajo iskrico in eleganco va\u0161emu videzu. Podrobnosti izdelka: Premer uhanov: 14 mm, kar zagotavlja subtilno, a opazno prisotnost. Material: Izdelani iz nerjave\u010dega jekla, kar zagotavlja trajnost in odpornost proti rji, ter so [&hellip;]<\/p>\n","protected":false},"featured_media":13632,"comment_status":"open","ping_status":"closed","template":"","meta":{"_eb_attr":""},"product_cat":[198],"product_tag":[],"class_list":{"0":"post-13630","1":"product","2":"type-product","3":"status-publish","4":"has-post-thumbnail","6":"product_cat-klasicni-uhani","8":"first","9":"instock","10":"sold-individually","11":"purchasable","12":"product-type-simple"},"jetpack_sharing_enabled":true,"_links":{"self":[{"href":"https:\/\/shop.lilalom.com\/index.php\/wp-json\/wp\/v2\/product\/13630","targetHints":{"allow":["GET"]}}],"collection":[{"href":"https:\/\/shop.lilalom.com\/index.php\/wp-json\/wp\/v2\/product"}],"about":[{"href":"https:\/\/shop.lilalom.com\/index.php\/wp-json\/wp\/v2\/types\/product"}],"replies":[{"embeddable":true,"href":"https:\/\/shop.lilalom.com\/index.php\/wp-json\/wp\/v2\/comments?post=13630"}],"wp:featuredmedia":[{"embeddable":true,"href":"https:\/\/shop.lilalom.com\/index.php\/wp-json\/wp\/v2\/media\/13632"}],"wp:attachment":[{"href":"https:\/\/shop.lilalom.com\/index.php\/wp-json\/wp\/v2\/media?parent=13630"}],"wp:term":[{"taxonomy":"product_cat","embeddable":true,"href":"https:\/\/shop.lilalom.com\/index.php\/wp-json\/wp\/v2\/product_cat?post=13630"},{"taxonomy":"product_tag","embeddable":true,"href":"https:\/\/shop.lilalom.com\/index.php\/wp-json\/wp\/v2\/product_tag?post=13630"}],"curies":[{"name":"wp","href":"https:\/\/api.w.org\/{rel}","templated":true}]}}