{"id":13635,"date":"2024-12-14T18:27:33","date_gmt":"2024-12-14T17:27:33","guid":{"rendered":"https:\/\/shop.lilalom.com\/?post_type=product&#038;p=13635"},"modified":"2024-12-16T17:01:44","modified_gmt":"2024-12-16T16:01:44","slug":"komplet-nakita-v-perla-odtenkih-z-cvetovi-divjega-korena","status":"publish","type":"product","link":"https:\/\/shop.lilalom.com\/index.php\/izdelek\/komplet-nakita-v-perla-odtenkih-z-cvetovi-divjega-korena\/","title":{"rendered":"Komplet nakita v perla odtenkih z cvetovi divjega korena"},"content":{"rendered":"<p>Obogatite svojo zbirko nakita s tem elegantnim kompletom, ki vklju\u010duje ogrlico in vise\u010de uhane v odtenkih perla, okra\u0161ene s cvetovi divjega korena. Ta prefinjen komplet je popoln za posebne prilo\u017enosti ali vsakodnevno no\u0161enje, saj zdru\u017euje naravno lepoto in eleganco.<\/p>\n<p><strong>Podrobnosti izdelka:<\/strong><\/p>\n<ul>\n<li><strong>Ogrlica:<\/strong>\n<ul>\n<li><strong>Dol\u017eina:<\/strong> 44 cm, kar zagotavlja lepo prileganje okoli vratu.<\/li>\n<li><strong>Medaljon v obliki solze:<\/strong> Velikost obeskov na ogrlici je 18&#215;14 mm.<\/li>\n<\/ul>\n<\/li>\n<li><strong>Vise\u010di uhani:<\/strong>\n<ul>\n<li><strong>Velikost obeskov:<\/strong> 18&#215;14 mm, kar ustvarja eleganten videz.<\/li>\n<li><strong>Skupna dol\u017eina uhanov:<\/strong> 3,5 cm, kar omogo\u010da \u010dudovit padec.<\/li>\n<\/ul>\n<\/li>\n<li><strong>Material:<\/strong> Vsi deli so izdelani iz nerjave\u010dega jekla, kar zagotavlja trajnost in odpornost proti rji, ter so varni za ob\u010dutljivo ko\u017eo.<\/li>\n<\/ul>\n<p><strong>Zakaj izbrati na\u0161 komplet nakita?<\/strong><\/p>\n<ul>\n<li><strong>Unikatni dizajn:<\/strong> Perla odtenki in cvetovi divjega korena dodajajo prefinjenost in naravno lepoto vsakemu videzu.<\/li>\n<li><strong>Visokokakovostni materiali:<\/strong> Nerjave\u010de jeklo zagotavlja dolgo \u017eivljenjsko dobo in varnost za no\u0161enje.<\/li>\n<li><strong>Eleganten komplet:<\/strong> Ta komplet je idealen za vse prilo\u017enosti, saj njegov prefinjen videz dopolnjuje vsak stil.<\/li>\n<\/ul>\n","protected":false},"excerpt":{"rendered":"<p>Obogatite svojo zbirko nakita s tem elegantnim kompletom, ki vklju\u010duje ogrlico in vise\u010de uhane v odtenkih perla, okra\u0161ene s cvetovi divjega korena. Ta prefinjen komplet je popoln za posebne prilo\u017enosti ali vsakodnevno no\u0161enje, saj zdru\u017euje naravno lepoto in eleganco. Podrobnosti izdelka: Ogrlica: Dol\u017eina: 44 cm, kar zagotavlja lepo prileganje okoli vratu. Medaljon v obliki solze: [&hellip;]<\/p>\n","protected":false},"featured_media":13637,"comment_status":"open","ping_status":"closed","template":"","meta":{"_eb_attr":""},"product_cat":[23,199,27],"product_tag":[],"class_list":{"0":"post-13635","1":"product","2":"type-product","3":"status-publish","4":"has-post-thumbnail","6":"product_cat-ogrlice","7":"product_cat-viseci-uhani","8":"product_cat-kompleti","10":"first","11":"instock","12":"sale","13":"sold-individually","14":"purchasable","15":"product-type-simple"},"jetpack_sharing_enabled":true,"_links":{"self":[{"href":"https:\/\/shop.lilalom.com\/index.php\/wp-json\/wp\/v2\/product\/13635","targetHints":{"allow":["GET"]}}],"collection":[{"href":"https:\/\/shop.lilalom.com\/index.php\/wp-json\/wp\/v2\/product"}],"about":[{"href":"https:\/\/shop.lilalom.com\/index.php\/wp-json\/wp\/v2\/types\/product"}],"replies":[{"embeddable":true,"href":"https:\/\/shop.lilalom.com\/index.php\/wp-json\/wp\/v2\/comments?post=13635"}],"wp:featuredmedia":[{"embeddable":true,"href":"https:\/\/shop.lilalom.com\/index.php\/wp-json\/wp\/v2\/media\/13637"}],"wp:attachment":[{"href":"https:\/\/shop.lilalom.com\/index.php\/wp-json\/wp\/v2\/media?parent=13635"}],"wp:term":[{"taxonomy":"product_cat","embeddable":true,"href":"https:\/\/shop.lilalom.com\/index.php\/wp-json\/wp\/v2\/product_cat?post=13635"},{"taxonomy":"product_tag","embeddable":true,"href":"https:\/\/shop.lilalom.com\/index.php\/wp-json\/wp\/v2\/product_tag?post=13635"}],"curies":[{"name":"wp","href":"https:\/\/api.w.org\/{rel}","templated":true}]}}