{"id":13754,"date":"2025-02-09T08:50:40","date_gmt":"2025-02-09T07:50:40","guid":{"rendered":"https:\/\/shop.lilalom.com\/?post_type=product&#038;p=13754"},"modified":"2025-02-09T20:22:23","modified_gmt":"2025-02-09T19:22:23","slug":"klasicni-okrogli-modni-uhani-v-svetlo-modrih-tonih-kopija","status":"publish","type":"product","link":"https:\/\/shop.lilalom.com\/index.php\/izdelek\/klasicni-okrogli-modni-uhani-v-svetlo-modrih-tonih-kopija\/","title":{"rendered":"Klasi\u010dni veliki okrogli uhani v rde\u010di barvi z cvetovi"},"content":{"rendered":"<p>Ti veliki okrogli uhani v rde\u010di barvi so prava umetnina, ki zdru\u017euje eleganco in naravno lepoto. S svojo edinstveno zasnovo, okra\u0161eno s \u010dudovitimi cvetovi divjega korena, so idealni za posebne prilo\u017enosti, kjer \u017eelite izstopati.<\/p>\n<ul>\n<li><strong>Velikost:<\/strong> premer 16 mm<\/li>\n<li><strong>Material:<\/strong> nerjave\u010de jeklo<\/li>\n<\/ul>\n<p>Uhani so izdelani iz visokokakovostnih materialov, ki zagotavljajo trajnost in udobje. Zahvaljujo\u010d svoji lahkotnosti so udobni za no\u0161enje skozi cel dan. Rde\u010da barva dodaja pridih strasti in \u017eivahnosti, medtem ko cvetovi divjega korena prina\u0161ajo pridih naravne elegance.<\/p>\n<p>Te \u010dudovite uhane lahko kombinirate s \u0161tevilnimi obla\u010dili, od elegantnih ve\u010dernih oblek do bolj spro\u0161\u010denih vsakodnevnih kombinacij. So popolna izbira za tiste, ki \u017eelijo dodati nekaj edinstvenega svojemu stilu in izstopati v mno\u017eici.<\/p>\n","protected":false},"excerpt":{"rendered":"<p>Ti veliki okrogli uhani v rde\u010di barvi so prava umetnina, ki zdru\u017euje eleganco in naravno lepoto. S svojo edinstveno zasnovo, okra\u0161eno s \u010dudovitimi cvetovi divjega korena, so idealni za posebne prilo\u017enosti, kjer \u017eelite izstopati. Velikost: premer 16 mm Material: nerjave\u010de jeklo Uhani so izdelani iz visokokakovostnih materialov, ki zagotavljajo trajnost in udobje. Zahvaljujo\u010d svoji lahkotnosti [&hellip;]<\/p>\n","protected":false},"featured_media":13759,"comment_status":"open","ping_status":"closed","template":"","meta":{"_eb_attr":""},"product_cat":[198],"product_tag":[],"class_list":{"0":"post-13754","1":"product","2":"type-product","3":"status-publish","4":"has-post-thumbnail","6":"product_cat-klasicni-uhani","8":"first","9":"instock","10":"sold-individually","11":"purchasable","12":"product-type-simple"},"jetpack_sharing_enabled":true,"_links":{"self":[{"href":"https:\/\/shop.lilalom.com\/index.php\/wp-json\/wp\/v2\/product\/13754","targetHints":{"allow":["GET"]}}],"collection":[{"href":"https:\/\/shop.lilalom.com\/index.php\/wp-json\/wp\/v2\/product"}],"about":[{"href":"https:\/\/shop.lilalom.com\/index.php\/wp-json\/wp\/v2\/types\/product"}],"replies":[{"embeddable":true,"href":"https:\/\/shop.lilalom.com\/index.php\/wp-json\/wp\/v2\/comments?post=13754"}],"wp:featuredmedia":[{"embeddable":true,"href":"https:\/\/shop.lilalom.com\/index.php\/wp-json\/wp\/v2\/media\/13759"}],"wp:attachment":[{"href":"https:\/\/shop.lilalom.com\/index.php\/wp-json\/wp\/v2\/media?parent=13754"}],"wp:term":[{"taxonomy":"product_cat","embeddable":true,"href":"https:\/\/shop.lilalom.com\/index.php\/wp-json\/wp\/v2\/product_cat?post=13754"},{"taxonomy":"product_tag","embeddable":true,"href":"https:\/\/shop.lilalom.com\/index.php\/wp-json\/wp\/v2\/product_tag?post=13754"}],"curies":[{"name":"wp","href":"https:\/\/api.w.org\/{rel}","templated":true}]}}