{"id":13933,"date":"2025-03-12T09:39:09","date_gmt":"2025-03-12T08:39:09","guid":{"rendered":"https:\/\/shop.lilalom.com\/?post_type=product&#038;p=13933"},"modified":"2025-03-12T09:52:26","modified_gmt":"2025-03-12T08:52:26","slug":"dvodelni-viseci-uhani-z-v-svetleco-zeleno-modrih-tonih","status":"publish","type":"product","link":"https:\/\/shop.lilalom.com\/index.php\/izdelek\/dvodelni-viseci-uhani-z-v-svetleco-zeleno-modrih-tonih\/","title":{"rendered":"Dvodelni vise\u010di uhani v svetle\u010do zeleno-modrih tonih"},"content":{"rendered":"<p>Dodajte svojemu videzu eleganco in edinstvenost s temi dvodelnimi vise\u010dimi uhani. Narejeni iz nerjave\u010dega jekla in smole, v katerih so ble\u0161\u010dice in delci rastlin ter cvetov, kateri se svetijo v o\u010darljivih zeleno-modrih tonih.<\/p>\n<ul>\n<li><strong>Material:<\/strong> Nerjave\u010de jeklo in smola<\/li>\n<li><strong>Detajli:<\/strong> Ble\u0161\u010dice ter delci rastlin in cvetov<\/li>\n<li><strong>Velikost:<\/strong> Zgornji del: 9 mm, spodnji del: 17 mm, dol\u017eina: pribli\u017eno 30 mm<\/li>\n<\/ul>\n<p>Popestrite svoj stil s temi unikatnimi in naravnost \u010dudovitimi uhani!<\/p>\n","protected":false},"excerpt":{"rendered":"<p>Dodajte svojemu videzu eleganco in edinstvenost s temi dvodelnimi vise\u010dimi uhani. Narejeni iz nerjave\u010dega jekla in smole, v katerih so ble\u0161\u010dice in delci rastlin ter cvetov, kateri se svetijo v o\u010darljivih zeleno-modrih tonih. Material: Nerjave\u010de jeklo in smola Detajli: Ble\u0161\u010dice ter delci rastlin in cvetov Velikost: Zgornji del: 9 mm, spodnji del: 17 mm, dol\u017eina: [&hellip;]<\/p>\n","protected":false},"featured_media":13935,"comment_status":"open","ping_status":"closed","template":"","meta":{"_eb_attr":""},"product_cat":[199],"product_tag":[],"class_list":{"0":"post-13933","1":"product","2":"type-product","3":"status-publish","4":"has-post-thumbnail","6":"product_cat-viseci-uhani","8":"first","9":"instock","10":"sold-individually","11":"purchasable","12":"product-type-simple"},"jetpack_sharing_enabled":true,"_links":{"self":[{"href":"https:\/\/shop.lilalom.com\/index.php\/wp-json\/wp\/v2\/product\/13933","targetHints":{"allow":["GET"]}}],"collection":[{"href":"https:\/\/shop.lilalom.com\/index.php\/wp-json\/wp\/v2\/product"}],"about":[{"href":"https:\/\/shop.lilalom.com\/index.php\/wp-json\/wp\/v2\/types\/product"}],"replies":[{"embeddable":true,"href":"https:\/\/shop.lilalom.com\/index.php\/wp-json\/wp\/v2\/comments?post=13933"}],"wp:featuredmedia":[{"embeddable":true,"href":"https:\/\/shop.lilalom.com\/index.php\/wp-json\/wp\/v2\/media\/13935"}],"wp:attachment":[{"href":"https:\/\/shop.lilalom.com\/index.php\/wp-json\/wp\/v2\/media?parent=13933"}],"wp:term":[{"taxonomy":"product_cat","embeddable":true,"href":"https:\/\/shop.lilalom.com\/index.php\/wp-json\/wp\/v2\/product_cat?post=13933"},{"taxonomy":"product_tag","embeddable":true,"href":"https:\/\/shop.lilalom.com\/index.php\/wp-json\/wp\/v2\/product_tag?post=13933"}],"curies":[{"name":"wp","href":"https:\/\/api.w.org\/{rel}","templated":true}]}}