{"id":13936,"date":"2025-03-12T09:52:44","date_gmt":"2025-03-12T08:52:44","guid":{"rendered":"https:\/\/shop.lilalom.com\/?post_type=product&#038;p=13936"},"modified":"2025-08-26T11:01:43","modified_gmt":"2025-08-26T09:01:43","slug":"vijolcni-uhani-z-cvetovi-spomincic","status":"publish","type":"product","link":"https:\/\/shop.lilalom.com\/index.php\/izdelek\/vijolcni-uhani-z-cvetovi-spomincic\/","title":{"rendered":"Vijol\u010dni uhani z cvetovi spomin\u010dic"},"content":{"rendered":"<p>Popestrite svoj videz s temi \u010dudovitimi vijoli\u010dnimi uhani, ki vsebujejo cvetove spomin\u010dice. Uhani so narejeni iz nerjave\u010dega jekla in smole, kar zagotavlja njihovo trajnost in lepoto. S premerom 10 mm so ti uhani popolne velikosti za vsakodnevno no\u0161enje ali posebne prilo\u017enosti. Cvetovi spomin\u010dic, ujeti v vijoli\u010dnih tonih, dodajo naravno eleganco in edinstvenost vsakemu kosu nakita.<\/p>\n<ul>\n<li><strong>Material:<\/strong> Nerjave\u010de jeklo in smola<\/li>\n<li><strong>Detajli:<\/strong> Cvetovi travni\u0161kih rastlin<\/li>\n<li><strong>Velikost:<\/strong> Premer: 10 mm<\/li>\n<li><strong>Barva:<\/strong> Vijoli\u010dni toni<\/li>\n<\/ul>\n<p>Primerni za vsako prilo\u017enost, ti uhani so popolno darilo za vas ali va\u0161e ljubljene.<\/p>\n","protected":false},"excerpt":{"rendered":"<p>Popestrite svoj videz s temi \u010dudovitimi vijoli\u010dnimi uhani, ki vsebujejo cvetove spomin\u010dice. Uhani so narejeni iz nerjave\u010dega jekla in smole, kar zagotavlja njihovo trajnost in lepoto. S premerom 10 mm so ti uhani popolne velikosti za vsakodnevno no\u0161enje ali posebne prilo\u017enosti. Cvetovi spomin\u010dic, ujeti v vijoli\u010dnih tonih, dodajo naravno eleganco in edinstvenost vsakemu kosu nakita. [&hellip;]<\/p>\n","protected":false},"featured_media":13937,"comment_status":"open","ping_status":"closed","template":"","meta":{"_eb_attr":""},"product_cat":[198],"product_tag":[],"class_list":{"0":"post-13936","1":"product","2":"type-product","3":"status-publish","4":"has-post-thumbnail","6":"product_brand-lilalom","7":"product_cat-klasicni-uhani","9":"first","10":"outofstock","11":"sold-individually","12":"purchasable","13":"product-type-simple"},"jetpack_sharing_enabled":true,"_links":{"self":[{"href":"https:\/\/shop.lilalom.com\/index.php\/wp-json\/wp\/v2\/product\/13936","targetHints":{"allow":["GET"]}}],"collection":[{"href":"https:\/\/shop.lilalom.com\/index.php\/wp-json\/wp\/v2\/product"}],"about":[{"href":"https:\/\/shop.lilalom.com\/index.php\/wp-json\/wp\/v2\/types\/product"}],"replies":[{"embeddable":true,"href":"https:\/\/shop.lilalom.com\/index.php\/wp-json\/wp\/v2\/comments?post=13936"}],"wp:featuredmedia":[{"embeddable":true,"href":"https:\/\/shop.lilalom.com\/index.php\/wp-json\/wp\/v2\/media\/13937"}],"wp:attachment":[{"href":"https:\/\/shop.lilalom.com\/index.php\/wp-json\/wp\/v2\/media?parent=13936"}],"wp:term":[{"taxonomy":"product_cat","embeddable":true,"href":"https:\/\/shop.lilalom.com\/index.php\/wp-json\/wp\/v2\/product_cat?post=13936"},{"taxonomy":"product_tag","embeddable":true,"href":"https:\/\/shop.lilalom.com\/index.php\/wp-json\/wp\/v2\/product_tag?post=13936"}],"curies":[{"name":"wp","href":"https:\/\/api.w.org\/{rel}","templated":true}]}}