{"id":13939,"date":"2025-03-12T10:37:12","date_gmt":"2025-03-12T09:37:12","guid":{"rendered":"https:\/\/shop.lilalom.com\/?post_type=product&#038;p=13939"},"modified":"2025-04-27T20:52:45","modified_gmt":"2025-04-27T18:52:45","slug":"uhani-v-obliki-lune-z-kameleon-blescicami","status":"publish","type":"product","link":"https:\/\/shop.lilalom.com\/index.php\/izdelek\/uhani-v-obliki-lune-z-kameleon-blescicami\/","title":{"rendered":"Uhani v obliki lune z kameleon ble\u0161\u010dicami"},"content":{"rendered":"<p>Dodajte pridih skrivnosti in elegance s temi uhani v obliki lune. Uhani, ki se svetijo v modro-vijoli\u010dnih tonih, vsebujejo kameleon ble\u0161\u010dice, ki ustvarjajo o\u010darljiv vizualni u\u010dinek. Popolnoma se prilegajo majhnim u\u0161esom in so narejeni iz nerjave\u010dega jekla in smole za trajnost in lepoto.<\/p>\n<ul>\n<li><strong>Material:<\/strong> Nerjave\u010de jeklo in smola<\/li>\n<li><strong>Detajli:<\/strong> Kameleon ble\u0161\u010dice<\/li>\n<li><strong>Velikost:<\/strong> 7 mm<\/li>\n<li><strong>Barva:<\/strong> Modro-vijoli\u010dni toni<\/li>\n<\/ul>\n<p>Ble\u0161\u010dice spreminjajo barvo glede na svetlobo, zato so uhani primerni za vsako prilo\u017enost.<\/p>\n","protected":false},"excerpt":{"rendered":"<p>Dodajte pridih skrivnosti in elegance s temi uhani v obliki lune. Uhani, ki se svetijo v modro-vijoli\u010dnih tonih, vsebujejo kameleon ble\u0161\u010dice, ki ustvarjajo o\u010darljiv vizualni u\u010dinek. Popolnoma se prilegajo majhnim u\u0161esom in so narejeni iz nerjave\u010dega jekla in smole za trajnost in lepoto. Material: Nerjave\u010de jeklo in smola Detajli: Kameleon ble\u0161\u010dice Velikost: 7 mm Barva: [&hellip;]<\/p>\n","protected":false},"featured_media":13941,"comment_status":"open","ping_status":"closed","template":"","meta":{"_eb_attr":""},"product_cat":[198],"product_tag":[],"class_list":{"0":"post-13939","1":"product","2":"type-product","3":"status-publish","4":"has-post-thumbnail","6":"product_brand-lilalom","7":"product_cat-klasicni-uhani","9":"first","10":"instock","11":"sold-individually","12":"purchasable","13":"product-type-simple"},"jetpack_sharing_enabled":true,"_links":{"self":[{"href":"https:\/\/shop.lilalom.com\/index.php\/wp-json\/wp\/v2\/product\/13939","targetHints":{"allow":["GET"]}}],"collection":[{"href":"https:\/\/shop.lilalom.com\/index.php\/wp-json\/wp\/v2\/product"}],"about":[{"href":"https:\/\/shop.lilalom.com\/index.php\/wp-json\/wp\/v2\/types\/product"}],"replies":[{"embeddable":true,"href":"https:\/\/shop.lilalom.com\/index.php\/wp-json\/wp\/v2\/comments?post=13939"}],"wp:featuredmedia":[{"embeddable":true,"href":"https:\/\/shop.lilalom.com\/index.php\/wp-json\/wp\/v2\/media\/13941"}],"wp:attachment":[{"href":"https:\/\/shop.lilalom.com\/index.php\/wp-json\/wp\/v2\/media?parent=13939"}],"wp:term":[{"taxonomy":"product_cat","embeddable":true,"href":"https:\/\/shop.lilalom.com\/index.php\/wp-json\/wp\/v2\/product_cat?post=13939"},{"taxonomy":"product_tag","embeddable":true,"href":"https:\/\/shop.lilalom.com\/index.php\/wp-json\/wp\/v2\/product_tag?post=13939"}],"curies":[{"name":"wp","href":"https:\/\/api.w.org\/{rel}","templated":true}]}}