{"id":13945,"date":"2025-03-13T11:31:14","date_gmt":"2025-03-13T10:31:14","guid":{"rendered":"https:\/\/shop.lilalom.com\/?post_type=product&#038;p=13945"},"modified":"2025-04-28T10:12:04","modified_gmt":"2025-04-28T08:12:04","slug":"uhani-v-obliki-lune-z-kameleon-blescicami-kopija","status":"publish","type":"product","link":"https:\/\/shop.lilalom.com\/index.php\/izdelek\/uhani-v-obliki-lune-z-kameleon-blescicami-kopija\/","title":{"rendered":"Uhani v obliki metulja v roza tonih z kristal\u010dki"},"content":{"rendered":"<p>Dodajte \u010dar in eleganco svojemu videzu s temi uhani v obliki metulja. Uhani so izdelani iz nerjave\u010dega jekla in smole ter okra\u0161eni s sijo\u010dimi kristal\u010dki v ne\u017enih roza tonih.<\/p>\n<ul>\n<li><strong>Material:<\/strong> Nerjave\u010de jeklo in smola<\/li>\n<li><strong>Detajli:<\/strong> Kristal\u010dki<\/li>\n<li><strong>Velikost:<\/strong> 11&#215;7 mm<\/li>\n<li><strong>Barva:<\/strong> Roza toni<\/li>\n<\/ul>\n<p>Ti uhani bodo va\u0161emu videzu dodali subtilno eleganco in iskrivost, primerni pa so za vsako prilo\u017enost.<\/p>\n","protected":false},"excerpt":{"rendered":"<p>Dodajte \u010dar in eleganco svojemu videzu s temi uhani v obliki metulja. Uhani so izdelani iz nerjave\u010dega jekla in smole ter okra\u0161eni s sijo\u010dimi kristal\u010dki v ne\u017enih roza tonih. Material: Nerjave\u010de jeklo in smola Detajli: Kristal\u010dki Velikost: 11&#215;7 mm Barva: Roza toni Ti uhani bodo va\u0161emu videzu dodali subtilno eleganco in iskrivost, primerni pa so [&hellip;]<\/p>\n","protected":false},"featured_media":13947,"comment_status":"open","ping_status":"closed","template":"","meta":{"_eb_attr":""},"product_cat":[198],"product_tag":[],"class_list":{"0":"post-13945","1":"product","2":"type-product","3":"status-publish","4":"has-post-thumbnail","6":"product_brand-lilalom","7":"product_cat-klasicni-uhani","9":"first","10":"instock","11":"sold-individually","12":"purchasable","13":"product-type-simple"},"jetpack_sharing_enabled":true,"_links":{"self":[{"href":"https:\/\/shop.lilalom.com\/index.php\/wp-json\/wp\/v2\/product\/13945","targetHints":{"allow":["GET"]}}],"collection":[{"href":"https:\/\/shop.lilalom.com\/index.php\/wp-json\/wp\/v2\/product"}],"about":[{"href":"https:\/\/shop.lilalom.com\/index.php\/wp-json\/wp\/v2\/types\/product"}],"replies":[{"embeddable":true,"href":"https:\/\/shop.lilalom.com\/index.php\/wp-json\/wp\/v2\/comments?post=13945"}],"wp:featuredmedia":[{"embeddable":true,"href":"https:\/\/shop.lilalom.com\/index.php\/wp-json\/wp\/v2\/media\/13947"}],"wp:attachment":[{"href":"https:\/\/shop.lilalom.com\/index.php\/wp-json\/wp\/v2\/media?parent=13945"}],"wp:term":[{"taxonomy":"product_cat","embeddable":true,"href":"https:\/\/shop.lilalom.com\/index.php\/wp-json\/wp\/v2\/product_cat?post=13945"},{"taxonomy":"product_tag","embeddable":true,"href":"https:\/\/shop.lilalom.com\/index.php\/wp-json\/wp\/v2\/product_tag?post=13945"}],"curies":[{"name":"wp","href":"https:\/\/api.w.org\/{rel}","templated":true}]}}